{"id":29951,"date":"2023-04-29T14:03:35","date_gmt":"2023-04-29T12:03:35","guid":{"rendered":"https:\/\/riadnoga.com\/conditions-dannulation\/"},"modified":"2023-04-29T14:04:34","modified_gmt":"2023-04-29T12:04:34","slug":"conditions-dannulation","status":"publish","type":"page","link":"https:\/\/riadnoga.com\/fr\/promotions-reservation\/conditions-dannulation\/","title":{"rendered":"Conditions d&rsquo;annulation"},"content":{"rendered":"<div id=\"inhaltsbereich\">\n<p>&nbsp;<\/p>\n<p><strong>Annulation:<\/strong><\/p>\n<p>Veuillez prendre note de nos conditions d&rsquo;annulation que nous consid\u00e9rons accept\u00e9 par vous lors d&rsquo;une r\u00e9servation confirm\u00e9e:<\/p>\n<p>29-15 jours avant l&rsquo;arriv\u00e9e: 50% du montant total \u00e0 payer<\/p>\n<p>14-1 jours avant l&rsquo;arriv\u00e9e: 75% du montant total \u00e0 payer<\/p>\n<p>Le jours avant l&rsquo;arriv\u00e9e: 100% du montant total \u00e0 payer<\/p>\n<\/div>\n","protected":false},"excerpt":{"rendered":"<p>&nbsp; Annulation: Veuillez prendre note de nos conditions d&rsquo;annulation que nous consid\u00e9rons accept\u00e9 par vous lors d&rsquo;une r\u00e9servation confirm\u00e9e: 29-15&#8230;<\/p>\n","protected":false},"author":3,"featured_media":0,"parent":29561,"menu_order":2,"comment_status":"closed","ping_status":"closed","template":"","meta":{"footnotes":""},"class_list":["post-29951","page","type-page","status-publish"],"_links":{"self":[{"href":"https:\/\/riadnoga.com\/fr\/wp-json\/wp\/v2\/pages\/29951","targetHints":{"allow":["GET"]}}],"collection":[{"href":"https:\/\/riadnoga.com\/fr\/wp-json\/wp\/v2\/pages"}],"about":[{"href":"https:\/\/riadnoga.com\/fr\/wp-json\/wp\/v2\/types\/page"}],"author":[{"embeddable":true,"href":"https:\/\/riadnoga.com\/fr\/wp-json\/wp\/v2\/users\/3"}],"replies":[{"embeddable":true,"href":"https:\/\/riadnoga.com\/fr\/wp-json\/wp\/v2\/comments?post=29951"}],"version-history":[{"count":3,"href":"https:\/\/riadnoga.com\/fr\/wp-json\/wp\/v2\/pages\/29951\/revisions"}],"predecessor-version":[{"id":29956,"href":"https:\/\/riadnoga.com\/fr\/wp-json\/wp\/v2\/pages\/29951\/revisions\/29956"}],"up":[{"embeddable":true,"href":"https:\/\/riadnoga.com\/fr\/wp-json\/wp\/v2\/pages\/29561"}],"wp:attachment":[{"href":"https:\/\/riadnoga.com\/fr\/wp-json\/wp\/v2\/media?parent=29951"}],"curies":[{"name":"wp","href":"https:\/\/api.w.org\/{rel}","templated":true}]}}