{"id":29571,"date":"2019-01-21T16:56:11","date_gmt":"2019-01-21T15:56:11","guid":{"rendered":"https:\/\/riadnoga.com\/?page_id=29571"},"modified":"2022-02-24T16:20:15","modified_gmt":"2022-02-24T15:20:15","slug":"chambres","status":"publish","type":"page","link":"https:\/\/riadnoga.com\/fr\/chambres\/","title":{"rendered":"Chambres"},"content":{"rendered":"<div class=\"wpb-content-wrapper\"><p>[vc_row full_width=\u00a0\u00bbstretch_row\u00a0\u00bb full_height=\u00a0\u00bbyes\u00a0\u00bb content_placement=\u00a0\u00bbmiddle\u00a0\u00bb css_animation=\u00a0\u00bbappear\u00a0\u00bb css=\u00a0\u00bb.vc_custom_1539766595264{margin-bottom: 0px !important;background-image: url(https:\/\/riadnoga.com\/wp-content\/uploads\/2018\/10\/Zimmer-titel-1920&#215;1277.jpg?id=28421) !important;background-position: center !important;background-repeat: no-repeat !important;background-size: cover !important;}\u00a0\u00bb el_class=\u00a0\u00bbtext-in-respons\u00a0\u00bb][vc_column][vc_column_text css_animation=\u00a0\u00bbfadeIn\u00a0\u00bb css=\u00a0\u00bb.vc_custom_1548690967930{background-color: rgba(224,122,33,0.13) !important;*background-color: rgb(224,122,33) !important;}\u00a0\u00bb]<\/p>\n<div class=\"title-xlarge\" style=\"text-align: center;\"><span style=\"color: #ffffff; font-size: 100px;\">Chambres<\/span><\/div>\n<p>[\/vc_column_text]<div class=\"clearboth\"><\/div><style>#thegem-divider-69e5bbaa808ef {margin-top: 70px !important;}<\/style><div id=\"thegem-divider-69e5bbaa808ef\" class=\"gem-divider  \" style=\"\" ><\/div>[\/vc_column][\/vc_row][vc_row full_width=\u00a0\u00bbstretch_row_content\u00a0\u00bb css=\u00a0\u00bb.vc_custom_1473251111144{margin-bottom: 0px !important;border-bottom-width: 1px !important;padding-top: 90px !important;padding-bottom: 60px !important;background-image: url(https:\/\/riadnoga.com\/wp-content\/uploads\/2016\/08\/p1.jpg?id=27392) !important;background-position: 0 0 !important;background-repeat: repeat !important;border-bottom-color: #665c4c !important;border-bottom-style: solid !important;}\u00a0\u00bb][vc_column]<div class=\"clearboth\"><\/div><style>#thegem-divider-69e5bbaa8091d {margin-top: -25px !important;}<\/style><div id=\"thegem-divider-69e5bbaa8091d\" class=\"gem-divider  \" style=\"\" ><\/div><div class=\"centered-box gem-image-centered-box\" ><div class=\"gem-image gem-wrapbox gem-wrapbox-style-default gem-wrapbox-position-centered  thegem-custom-69e5bbaa809427191\"  style=\"\" ><div class=\"gem-wrapbox-inner \" ><img class=\"gem-wrapbox-element img-responsive\" src=\"https:\/\/riadnoga.com\/wp-content\/uploads\/2018\/11\/riadnogakaligrafie80x70.png\" alt=\"\"\/><\/div><\/div><\/div>[vc_column_text]<\/p>\n<h1 style=\"text-align: center;\"><span style=\"color: #e2c285;\">Nos chambres<br \/>\n<\/span><\/h1>\n<p>[\/vc_column_text]<div class=\"clearboth\"><\/div><style>#thegem-divider-69e5bbaa80a81 {margin-top: 85px !important;}<\/style><div id=\"thegem-divider-69e5bbaa80a81\" class=\"gem-divider  \" style=\"\" ><\/div>[vc_column_text]<\/p>\n<p style=\"text-align: center;\">Toutes les chambres avec salle de bain priv\u00e9e, climatisation\/chauffage, t\u00e9l\u00e9phone direct, WLAN, TV satellite avec lecteur DVD\/VCD (sauf une chambre), mini cha\u00eene hifi avec lecteur CD\/MP3, cirage des chaussures et service de blanchisserie gratuit.<\/p>\n<p>[\/vc_column_text]<div class=\"clearboth\"><\/div><style>#thegem-divider-69e5bbaa80a9e {margin-top: 85px !important;}<\/style><div id=\"thegem-divider-69e5bbaa80a9e\" class=\"gem-divider  \" style=\"\" ><\/div><style>.portfolio.portfolio-grid#style-b7df60c .portfolio-item:not(.size-item), .preloader#style-preloader-b7df60c .portfolio-item { padding: calc(42px\/2) !important; }.portfolio.portfolio-grid#style-b7df60c .portfolio-item.size-item { padding: 0 calc(42px\/2) !important; }.portfolio.portfolio-grid#style-b7df60c .portfolio-row, .preloader#style-preloader-b7df60c .skeleton-posts.portfolio-row { margin: calc(-42px\/2); }.portfolio.portfolio-grid#style-b7df60c.fullwidth-columns .portfolio-row { margin: calc(-42px\/2) 0; }.portfolio.portfolio-grid#style-b7df60c .fullwidth-block:not(.no-paddings) { padding-left: 42px; padding-right: 42px; }.portfolio.portfolio-grid#style-b7df60c .fullwidth-block .portfolio-row { padding-left: calc(42px\/2); padding-right: calc(42px\/2); }.portfolio.portfolio-grid#style-b7df60c .fullwidth-block .portfolio-top-panel { padding-left: 42px; padding-right: 42px; }.portfolio.portfolio-grid#style-b7df60c.fullwidth-columns .with-filter-sidebar .filter-sidebar { padding-left: 42px; }.portfolio.portfolio-grid#style-b7df60c .portfolio-item .caption .title span { letter-spacing: px !important; }<\/style><style>.portfolio.portfolio-grid#style-b7df60c .portfolio-filters { text-align: center; }<\/style><div id=\"style-preloader-b7df60c\" class=\"preloader save-space\"><div class=\"preloader-spin\"><\/div><\/div> <div class=\"portfolio-preloader-wrapper panel-sidebar-position-left\"> <div class=\"portfolio portfolio-grid extended-portfolio-grid no-padding portfolio-pagination-normal portfolio-style-metro background-style-white title-style-light hover-zooming-blur title-on-hover hover-elements-size-default version-default caption-position-hover loading-animation item-animation-move-up hover-title columns-4 columns-tablet-2 columns-mobile-1 next-page-preloading \" id=\"style-b7df60c\" data-style-uid=\"b7df60c\" data-portfolio-uid=\"grid_475e551\" data-current-page=\"1\" data-per-page=\"8\" data-next-page=\"0\" data-pages-count=\"1\" data-hover=\"zooming-blur\" data-portfolio-filter=\"[]\" data-portfolio-filter-attributes=\"null\" data-portfolio-filter-search=\"\"> <div class=\"portfolio-row-outer \"> <div class=\"portfolio-top-panel selected-only\"> <div class=\"portfolio-filter-item portfolio-selected-filters left\"> <div class=\"portfolio-selected-filter-item clear-filters\"> Clear Filters\t<\/div> <\/div> <\/div> <div class=\"row portfolio-row\"> <div class=\"portfolio-set clearfix\" data-max-row-height=\"280\"> <div class=\"portfolio-item chambres item-animations-not-inited portfolio-item-template appearance-type-featured_image post-29598 thegem_pf_item type-thegem_pf_item status-publish has-post-thumbnail\" data-default-sort=\"1\" data-sort-date=\"1548101551\"> <div class=\"wrap clearfix\"> <div class=\"image post-29598 thegem_pf_item type-thegem_pf_item status-publish has-post-thumbnail\"> <div class=\"image-inner \"> <picture> <source srcset=\"https:\/\/riadnoga.com\/wp-content\/uploads\/2018\/10\/Zimmer-rot-Kamin-thegem-portfolio-metro.jpg 1x\" sizes=\"100vw\"> <img src=\"https:\/\/riadnoga.com\/wp-content\/uploads\/2018\/10\/Zimmer-rot-Kamin-thegem-portfolio-metro.jpg\" width=\"760\" height=\"500\" class=\"attachment-thegem-portfolio-metro\" alt=\"Chambre rouge\" \/> <\/picture> <\/div> <div class=\"overlay \"> <div class=\"overlay-circle\"><\/div> <div class=\"links-wrapper\"> <div class=\"links\"> <div class=\"portfolio-icons\"> <a href=\"https:\/\/riadnoga.com\/fr\/pf\/rotes-zimmer\/\" target=\"_self\" class=\"icon self-link \" data-elementor-open-lightbox=\"no\" aria-label=\"Chambre rouge\"> <i class=\"default\"><\/i> <\/a> <div class=\"overlay-line\"><\/div> <\/div> <div class=\"caption\"> <div class=\"title title-h4\"> <span class=\" \"> Chambre rouge <\/span> <\/div> <div class=\"description\"> <div class=\"subtitle\"> <span class=\"\"><p>avec chemin\u00e9e, \u00e0 partir de 140,- \u20ac par nuit<\/p>\n<\/span> <\/div> <\/div> <\/div> <\/div> <\/div> <\/div> <\/div> <\/div> <\/div> <div class=\"portfolio-item chambres item-animations-not-inited portfolio-item-template appearance-type-featured_image post-29596 thegem_pf_item type-thegem_pf_item status-publish has-post-thumbnail\" data-default-sort=\"2\" data-sort-date=\"1548101292\"> <div class=\"wrap clearfix\"> <div class=\"image post-29596 thegem_pf_item type-thegem_pf_item status-publish has-post-thumbnail\"> <div class=\"image-inner \"> <picture> <source srcset=\"https:\/\/riadnoga.com\/wp-content\/uploads\/2018\/10\/Zimmer-gelb-thegem-portfolio-metro.jpg 1x\" sizes=\"100vw\"> <img src=\"https:\/\/riadnoga.com\/wp-content\/uploads\/2018\/10\/Zimmer-gelb-thegem-portfolio-metro.jpg\" width=\"766\" height=\"500\" class=\"attachment-thegem-portfolio-metro\" alt=\"Chambre jaune\" \/> <\/picture> <\/div> <div class=\"overlay \"> <div class=\"overlay-circle\"><\/div> <div class=\"links-wrapper\"> <div class=\"links\"> <div class=\"portfolio-icons\"> <a href=\"https:\/\/riadnoga.com\/fr\/pf\/chambre-jaune\/\" target=\"_self\" class=\"icon self-link \" data-elementor-open-lightbox=\"no\" aria-label=\"Chambre jaune\"> <i class=\"default\"><\/i> <\/a> <div class=\"overlay-line\"><\/div> <\/div> <div class=\"caption\"> <div class=\"title title-h4\"> <span class=\" \"> Chambre jaune <\/span> <\/div> <div class=\"description\"> <div class=\"subtitle\"> <span class=\"\"><p>avec salle de bain \u00e9l\u00e9gante, \u00e0 partir de 130,- \u20ac par nuit<\/p>\n<\/span> <\/div> <\/div> <\/div> <\/div> <\/div> <\/div> <\/div> <\/div> <\/div> <div class=\"portfolio-item chambres item-animations-not-inited portfolio-item-template appearance-type-featured_image post-29597 thegem_pf_item type-thegem_pf_item status-publish has-post-thumbnail\" data-default-sort=\"3\" data-sort-date=\"1548101405\"> <div class=\"wrap clearfix\"> <div class=\"image post-29597 thegem_pf_item type-thegem_pf_item status-publish has-post-thumbnail\"> <div class=\"image-inner \"> <picture> <source srcset=\"https:\/\/riadnoga.com\/wp-content\/uploads\/2018\/10\/Zimmer-weiss-thegem-portfolio-metro.jpg 1x\" sizes=\"100vw\"> <img src=\"https:\/\/riadnoga.com\/wp-content\/uploads\/2018\/10\/Zimmer-weiss-thegem-portfolio-metro.jpg\" width=\"752\" height=\"500\" class=\"attachment-thegem-portfolio-metro\" alt=\"Chambre blanche\" \/> <\/picture> <\/div> <div class=\"overlay \"> <div class=\"overlay-circle\"><\/div> <div class=\"links-wrapper\"> <div class=\"links\"> <div class=\"portfolio-icons\"> <a href=\"https:\/\/riadnoga.com\/fr\/pf\/weisses-zimmer\/\" target=\"_self\" class=\"icon self-link \" data-elementor-open-lightbox=\"no\" aria-label=\"Chambre blanche\"> <i class=\"default\"><\/i> <\/a> <div class=\"overlay-line\"><\/div> <\/div> <div class=\"caption\"> <div class=\"title title-h4\"> <span class=\" \"> Chambre blanche <\/span> <\/div> <div class=\"description\"> <div class=\"subtitle\"> <span class=\"\"><p>au bord de la piscine, \u00e0 partir de 110,- \u20ac la nuit<\/p>\n<\/span> <\/div> <\/div> <\/div> <\/div> <\/div> <\/div> <\/div> <\/div> <\/div> <div class=\"portfolio-item chambres item-animations-not-inited portfolio-item-template appearance-type-featured_image post-29595 thegem_pf_item type-thegem_pf_item status-publish has-post-thumbnail\" data-default-sort=\"4\" data-sort-date=\"1548101182\"> <div class=\"wrap clearfix\"> <div class=\"image post-29595 thegem_pf_item type-thegem_pf_item status-publish has-post-thumbnail\"> <div class=\"image-inner \"> <picture> <source srcset=\"https:\/\/riadnoga.com\/wp-content\/uploads\/2018\/10\/Zimmer-beige-thegem-portfolio-metro.jpg 1x\" sizes=\"100vw\"> <img src=\"https:\/\/riadnoga.com\/wp-content\/uploads\/2018\/10\/Zimmer-beige-thegem-portfolio-metro.jpg\" width=\"752\" height=\"500\" class=\"attachment-thegem-portfolio-metro\" alt=\"Chambre beige\" \/> <\/picture> <\/div> <div class=\"overlay \"> <div class=\"overlay-circle\"><\/div> <div class=\"links-wrapper\"> <div class=\"links\"> <div class=\"portfolio-icons\"> <a href=\"https:\/\/riadnoga.com\/fr\/pf\/chambre-beige\/\" target=\"_self\" class=\"icon self-link \" data-elementor-open-lightbox=\"no\" aria-label=\"Chambre beige\"> <i class=\"default\"><\/i> <\/a> <div class=\"overlay-line\"><\/div> <\/div> <div class=\"caption\"> <div class=\"title title-h4\"> <span class=\" \"> Chambre beige <\/span> <\/div> <div class=\"description\"> <div class=\"subtitle\"> <span class=\"\"><p>\u00e9l\u00e9gante plaine, \u00e0 partir de 130,- \u20ac par nuit<\/p>\n<\/span> <\/div> <\/div> <\/div> <\/div> <\/div> <\/div> <\/div> <\/div> <\/div> <div class=\"portfolio-item chambres item-animations-not-inited portfolio-item-template appearance-type-featured_image post-29594 thegem_pf_item type-thegem_pf_item status-publish has-post-thumbnail\" data-default-sort=\"5\" data-sort-date=\"1548101053\"> <div class=\"wrap clearfix\"> <div class=\"image post-29594 thegem_pf_item type-thegem_pf_item status-publish has-post-thumbnail\"> <div class=\"image-inner \"> <picture> <source srcset=\"https:\/\/riadnoga.com\/wp-content\/uploads\/2018\/10\/Zimmer-grau2-thegem-portfolio-metro.jpg 1x\" sizes=\"100vw\"> <img src=\"https:\/\/riadnoga.com\/wp-content\/uploads\/2018\/10\/Zimmer-grau2-thegem-portfolio-metro.jpg\" width=\"752\" height=\"500\" class=\"attachment-thegem-portfolio-metro\" alt=\"Chambre grise\" \/> <\/picture> <\/div> <div class=\"overlay \"> <div class=\"overlay-circle\"><\/div> <div class=\"links-wrapper\"> <div class=\"links\"> <div class=\"portfolio-icons\"> <a href=\"https:\/\/riadnoga.com\/fr\/pf\/chambre-grise\/\" target=\"_self\" class=\"icon self-link \" data-elementor-open-lightbox=\"no\" aria-label=\"Chambre grise\"> <i class=\"default\"><\/i> <\/a> <div class=\"overlay-line\"><\/div> <\/div> <div class=\"caption\"> <div class=\"title title-h4\"> <span class=\" \"> Chambre grise <\/span> <\/div> <div class=\"description\"> <div class=\"subtitle\"> <span class=\"\"><p>avec vue sur la piscine, \u00e0 partir de 120,- \u20ac par nuit<\/p>\n<\/span> <\/div> <\/div> <\/div> <\/div> <\/div> <\/div> <\/div> <\/div> <\/div> <div class=\"portfolio-item chambres item-animations-not-inited portfolio-item-template appearance-type-featured_image post-29593 thegem_pf_item type-thegem_pf_item status-publish has-post-thumbnail\" data-default-sort=\"6\" data-sort-date=\"1548100813\"> <div class=\"wrap clearfix\"> <div class=\"image post-29593 thegem_pf_item type-thegem_pf_item status-publish has-post-thumbnail\"> <div class=\"image-inner \"> <picture> <source srcset=\"https:\/\/riadnoga.com\/wp-content\/uploads\/2018\/10\/Zimmer-Haupthaus-1Stock-thegem-portfolio-metro.jpg 1x\" sizes=\"100vw\"> <img src=\"https:\/\/riadnoga.com\/wp-content\/uploads\/2018\/10\/Zimmer-Haupthaus-1Stock-thegem-portfolio-metro.jpg\" width=\"752\" height=\"500\" class=\"attachment-thegem-portfolio-metro\" alt=\"Maison principale 1er \u00e9tage\" \/> <\/picture> <\/div> <div class=\"overlay \"> <div class=\"overlay-circle\"><\/div> <div class=\"links-wrapper\"> <div class=\"links\"> <div class=\"portfolio-icons\"> <a href=\"https:\/\/riadnoga.com\/fr\/pf\/zimmer-im-haupthaus-erste-etage\/\" target=\"_self\" class=\"icon self-link \" data-elementor-open-lightbox=\"no\" aria-label=\"Maison principale 1er \u00e9tage\"> <i class=\"default\"><\/i> <\/a> <div class=\"overlay-line\"><\/div> <\/div> <div class=\"caption\"> <div class=\"title title-h4\"> <span class=\" \"> Maison principale 1er \u00e9tage <\/span> <\/div> <div class=\"description\"> <div class=\"subtitle\"> <span class=\"\"><p>tr\u00e8s confortable, \u00e0 partir de 130,- \u20ac par nuit<\/p>\n<\/span> <\/div> <\/div> <\/div> <\/div> <\/div> <\/div> <\/div> <\/div> <\/div> <div class=\"portfolio-item chambres item-animations-not-inited portfolio-item-template appearance-type-featured_image post-29592 thegem_pf_item type-thegem_pf_item status-publish has-post-thumbnail\" data-default-sort=\"7\" data-sort-date=\"1548100624\"> <div class=\"wrap clearfix\"> <div class=\"image post-29592 thegem_pf_item type-thegem_pf_item status-publish has-post-thumbnail\"> <div class=\"image-inner \"> <picture> <source srcset=\"https:\/\/riadnoga.com\/wp-content\/uploads\/2018\/10\/Zimmer-Erdgeschoss-Haupthaus-thegem-portfolio-metro.jpg 1x\" sizes=\"100vw\"> <img src=\"https:\/\/riadnoga.com\/wp-content\/uploads\/2018\/10\/Zimmer-Erdgeschoss-Haupthaus-thegem-portfolio-metro.jpg\" width=\"752\" height=\"500\" class=\"attachment-thegem-portfolio-metro\" alt=\"Maison principale Rez-de-chauss\u00e9e\" \/> <\/picture> <\/div> <div class=\"overlay \"> <div class=\"overlay-circle\"><\/div> <div class=\"links-wrapper\"> <div class=\"links\"> <div class=\"portfolio-icons\"> <a href=\"https:\/\/riadnoga.com\/fr\/pf\/zimmer-im-haupthaus-erdgeschoss\/\" target=\"_self\" class=\"icon self-link \" data-elementor-open-lightbox=\"no\" aria-label=\"Maison principale Rez-de-chauss\u00e9e\"> <i class=\"default\"><\/i> <\/a> <div class=\"overlay-line\"><\/div> <\/div> <div class=\"caption\"> <div class=\"title title-h4\"> <span class=\" \"> Maison principale Rez-de-chauss\u00e9e <\/span> <\/div> <div class=\"description\"> <div class=\"subtitle\"> <span class=\"\"><p>dans la cour calme, \u00e0 partir de 100 \u20ac la nuit<\/p>\n<\/span> <\/div> <\/div> <\/div> <\/div> <\/div> <\/div> <\/div> <\/div> <\/div> <div class=\"portfolio-item chambres item-animations-not-inited portfolio-item-template appearance-type-featured_image post-29591 thegem_pf_item type-thegem_pf_item status-publish has-post-thumbnail\" data-default-sort=\"9\" data-sort-date=\"1548100415\"> <div class=\"wrap clearfix\"> <div class=\"image post-29591 thegem_pf_item type-thegem_pf_item status-publish has-post-thumbnail\"> <div class=\"image-inner \"> <picture> <source srcset=\"https:\/\/riadnoga.com\/wp-content\/uploads\/2018\/10\/photos24-thegem-portfolio-metro.jpg 1x\" sizes=\"100vw\"> <img src=\"https:\/\/riadnoga.com\/wp-content\/uploads\/2018\/10\/photos24-thegem-portfolio-metro.jpg\" width=\"768\" height=\"500\" class=\"attachment-thegem-portfolio-metro\" alt=\"Tous le Riad\" \/> <\/picture> <\/div> <div class=\"overlay \"> <div class=\"overlay-circle\"><\/div> <div class=\"links-wrapper\"> <div class=\"links\"> <div class=\"portfolio-icons\"> <a href=\"https:\/\/riadnoga.com\/fr\/pf\/tous-le-riad\/\" target=\"_self\" class=\"icon self-link \" data-elementor-open-lightbox=\"no\" aria-label=\"Tous le Riad\"> <i class=\"default\"><\/i> <\/a> <div class=\"overlay-line\"><\/div> <\/div> <div class=\"caption\"> <div class=\"title title-h4\"> <span class=\" \"> Tous le Riad <\/span> <\/div> <div class=\"description\"> <div class=\"subtitle\"> <span class=\"\"><p>pour f\u00eater et se d\u00e9tendre, \u00e0 partir de 860,- \u20ac par nuit<\/p>\n<\/span> <\/div> <\/div> <\/div> <\/div> <\/div> <\/div> <\/div> <\/div> <\/div> <\/div><!-- .portflio-set --> <div class=\"portfolio-item-size-container\"> <div class=\"portfolio-item col-xs-12 col-sm-6 col-md-3 item-animations-not-inited portfolio-item-template appearance-type-featured_image post-29591 thegem_pf_item type-thegem_pf_item status-publish has-post-thumbnail\"> <\/div> <\/div> <\/div><!-- .row--> <div class=\"portfolio-navigator gem-pagination\" style=\"display:none;\"> <a href=\"#\" role=\"button\" class=\"prev\" aria-label=\"Pr\u00e9c\u00e9dent\"> <i class=\"default\"><\/i> <\/a> <div class=\"pages\"><\/div> <a href=\"#\" role=\"button\" class=\"next\" aria-label=\"Suivant\"> <i class=\"default\"><\/i> <\/a> <\/div> <\/div><!-- .full-width --> <\/div><!-- .portfolio--> <\/div><!-- .portfolio-preloader-wrapper--><div class=\"clearboth\"><\/div><style>#thegem-divider-69e5bbaa8612a {margin-top: 45px !important;}<\/style><div id=\"thegem-divider-69e5bbaa8612a\" class=\"gem-divider  \" style=\"\" ><\/div><div class=\"clearboth\"><\/div><style>#thegem-divider-69e5bbaa86148 {margin-top: 45px !important;}<\/style><div id=\"thegem-divider-69e5bbaa86148\" class=\"gem-divider  \" style=\"\" ><\/div>[\/vc_column][\/vc_row][vc_row disable_element=\u00a0\u00bbyes\u00a0\u00bb][vc_column]<div class=\"clearboth\"><\/div><style>#thegem-divider-69e5bbaa86161 {margin-top: -25px !important;}<\/style><div id=\"thegem-divider-69e5bbaa86161\" class=\"gem-divider  \" style=\"border-color: #000000;\" ><\/div>[\/vc_column][\/vc_row]<\/p>\n<\/div>","protected":false},"excerpt":{"rendered":"<p>[vc_row full_width=\u00a0\u00bbstretch_row\u00a0\u00bb full_height=\u00a0\u00bbyes\u00a0\u00bb content_placement=\u00a0\u00bbmiddle\u00a0\u00bb css_animation=\u00a0\u00bbappear\u00a0\u00bb css=\u00a0\u00bb.vc_custom_1539766595264{margin-bottom: 0px !important;background-image: url(https:\/\/riadnoga.com\/wp-content\/uploads\/2018\/10\/Zimmer-titel-1920&#215;1277.jpg?id=28421) !important;background-position: center !important;background-repeat: no-repeat !important;background-size: cover !important;}\u00a0\u00bb el_class=\u00a0\u00bbtext-in-respons\u00a0\u00bb][vc_column][vc_column_text css_animation=\u00a0\u00bbfadeIn\u00a0\u00bb css=\u00a0\u00bb.vc_custom_1548690967930{background-color: rgba(224,122,33,0.13)&#8230;<\/p>\n","protected":false},"author":3,"featured_media":0,"parent":0,"menu_order":0,"comment_status":"closed","ping_status":"closed","template":"","meta":{"footnotes":""},"class_list":["post-29571","page","type-page","status-publish"],"_links":{"self":[{"href":"https:\/\/riadnoga.com\/fr\/wp-json\/wp\/v2\/pages\/29571","targetHints":{"allow":["GET"]}}],"collection":[{"href":"https:\/\/riadnoga.com\/fr\/wp-json\/wp\/v2\/pages"}],"about":[{"href":"https:\/\/riadnoga.com\/fr\/wp-json\/wp\/v2\/types\/page"}],"author":[{"embeddable":true,"href":"https:\/\/riadnoga.com\/fr\/wp-json\/wp\/v2\/users\/3"}],"replies":[{"embeddable":true,"href":"https:\/\/riadnoga.com\/fr\/wp-json\/wp\/v2\/comments?post=29571"}],"version-history":[{"count":9,"href":"https:\/\/riadnoga.com\/fr\/wp-json\/wp\/v2\/pages\/29571\/revisions"}],"predecessor-version":[{"id":29870,"href":"https:\/\/riadnoga.com\/fr\/wp-json\/wp\/v2\/pages\/29571\/revisions\/29870"}],"wp:attachment":[{"href":"https:\/\/riadnoga.com\/fr\/wp-json\/wp\/v2\/media?parent=29571"}],"curies":[{"name":"wp","href":"https:\/\/api.w.org\/{rel}","templated":true}]}}