{"id":29564,"date":"2019-01-21T16:53:35","date_gmt":"2019-01-21T15:53:35","guid":{"rendered":"https:\/\/riadnoga.com\/?page_id=29564"},"modified":"2019-05-28T13:52:00","modified_gmt":"2019-05-28T11:52:00","slug":"tours","status":"publish","type":"page","link":"https:\/\/riadnoga.com\/fr\/tours\/","title":{"rendered":"Tours"},"content":{"rendered":"<div class=\"wpb-content-wrapper\"><p>[vc_row full_width=\u00a0\u00bbstretch_row\u00a0\u00bb full_height=\u00a0\u00bbyes\u00a0\u00bb content_placement=\u00a0\u00bbmiddle\u00a0\u00bb css_animation=\u00a0\u00bbappear\u00a0\u00bb css=\u00a0\u00bb.vc_custom_1540565625710{margin-bottom: 0px !important;background-image: url(https:\/\/riadnoga.com\/wp-content\/uploads\/2018\/10\/touren-wueste-header.jpg?id=28709) !important;background-position: center !important;background-repeat: no-repeat !important;background-size: cover !important;}\u00a0\u00bb el_class=\u00a0\u00bbtext-in-respons\u00a0\u00bb][vc_column][vc_column_text css_animation=\u00a0\u00bbfadeIn\u00a0\u00bb]<\/p>\n<div class=\"title-xlarge\" style=\"text-align: center;\"><span style=\"font-size: 100px; color: #ffffff;\">Excursions &amp; Circuits<\/span><\/div>\n<p>[\/vc_column_text]<div class=\"clearboth\"><\/div><style>#thegem-divider-69ded40c8e55d {margin-top: 70px !important;}<\/style><div id=\"thegem-divider-69ded40c8e55d\" class=\"gem-divider  \" style=\"\" ><\/div>[\/vc_column][\/vc_row][vc_row full_width=\u00a0\u00bbstretch_row_content_no_spaces\u00a0\u00bb equal_height=\u00a0\u00bbyes\u00a0\u00bb content_placement=\u00a0\u00bbmiddle\u00a0\u00bb css=\u00a0\u00bb.vc_custom_1539944776173{margin-bottom: 0px !important;border-bottom-width: 1px !important;border-bottom-color: #665c4c !important;border-bottom-style: solid !important;}\u00a0\u00bb el_class=\u00a0\u00bbborder-block\u00a0\u00bb][vc_column width=\u00a0\u00bb1\/2&Prime; css=\u00a0\u00bb.vc_custom_1473341024377{margin-top: 0px !important;margin-bottom: 0px !important;border-top-width: 1px !important;border-bottom-width: 0px !important;padding-top: 80px !important;padding-bottom: 60px !important;background-color: #101010 !important;background-position: center !important;background-repeat: no-repeat !important;background-size: cover !important;border-top-color: #665c4c !important;border-top-style: solid !important;border-bottom-color: #665c4c !important;border-bottom-style: solid !important;}\u00a0\u00bb offset=\u00a0\u00bbvc_col-lg-4 vc_col-md-6 vc_col-xs-12&Prime;]<div class=\"centered-box gem-image-centered-box\" ><div class=\"gem-image gem-wrapbox gem-wrapbox-style-default gem-wrapbox-position-centered  thegem-custom-69ded40c8e5965601\"  style=\"\" ><div class=\"gem-wrapbox-inner \" ><img class=\"gem-wrapbox-element img-responsive\" src=\"https:\/\/riadnoga.com\/wp-content\/uploads\/2018\/11\/riadnogaschnoerkel-2-70x61.png\" alt=\"\"\/><\/div><\/div><\/div><div class=\"clearboth\"><\/div><style>#thegem-divider-69ded40c8e6fa {margin-top: -20px !important;}<\/style><div id=\"thegem-divider-69ded40c8e6fa\" class=\"gem-divider  \" style=\"\" ><\/div>[vc_column_text]<\/p>\n<h2 style=\"text-align: center;\">Excursions<span style=\"color: #e2c285;\"><br \/>\n<\/span><\/h2>\n<p>[\/vc_column_text]<div class=\"clearboth\"><\/div><style>#thegem-divider-69ded40c8e71c {margin-top: 30px !important;}<\/style><div id=\"thegem-divider-69ded40c8e71c\" class=\"gem-divider  \" style=\"\" ><\/div>[vc_column_text]<\/p>\n<p style=\"text-align: center;\"><span style=\"position: relative; display: inline-block; width: 70%;\">Nous organisons pour vous des visites guid\u00e9es ainsi que diverses excursions dans et autour de Marrakech. Promenades \u00e0 cheval, en cal\u00e8che dans les palmeraies, randonn\u00e9es en montagne, ski alpin et de randonn\u00e9e (\u00e0 environ 1h30), promenades \u00e0 dos de mulet dans les villages de montagne et planche \u00e0 voile sur la c\u00f4te atlantique (\u00e0 environ 2h30 de route). A Marrakech il y a un large choix de motifs photo et d&rsquo;innombrables possibilit\u00e9s de shopping. Pour les amateurs de golf, il y a plusieurs parcours de dix-huit trous chacun, dont deux sont accessibles en moins de dix minutes. Le choix des destinations est vari\u00e9 : d&rsquo;Essaouira, Telouet, Ait Bougemez, Ouzoud, la montgolfi\u00e8re, la Kasbah du Toubkal, le jardin Anima d&rsquo;Andr\u00e9 Heller ou le jardin des cactus de Fatima Thiemann et ses filles.<\/span><\/p>\n<p>[\/vc_column_text]<div class=\"clearboth\"><\/div><style>#thegem-divider-69ded40c8e738 {margin-top: 35px !important;}<\/style><div id=\"thegem-divider-69ded40c8e738\" class=\"gem-divider  \" style=\"\" ><\/div>[\/vc_column][vc_column width=\u00a0\u00bb1\/2&Prime; css=\u00a0\u00bb.vc_custom_1540567066684{margin-top: 0px !important;margin-bottom: 0px !important;border-top-width: 1px !important;border-right-width: 1px !important;border-bottom-width: 0px !important;border-left-width: 1px !important;padding-top: 230px !important;padding-bottom: 230px !important;background-image: url(https:\/\/riadnoga.com\/wp-content\/uploads\/2018\/10\/atlas2.jpg?id=28722) !important;background-position: center !important;background-repeat: no-repeat !important;background-size: cover !important;border-left-color: #665c4c !important;border-left-style: solid !important;border-right-color: #665c4c !important;border-right-style: solid !important;border-top-color: #665c4c !important;border-top-style: solid !important;border-bottom-color: #665c4c !important;border-bottom-style: solid !important;}\u00a0\u00bb offset=\u00a0\u00bbvc_col-lg-4 vc_col-md-6 vc_col-xs-12&Prime;][\/vc_column][vc_column css=\u00a0\u00bb.vc_custom_1473341053322{margin-top: 0px !important;margin-bottom: 0px !important;border-top-width: 1px !important;border-bottom-width: 0px !important;padding-top: 80px !important;padding-bottom: 60px !important;background-color: #101010 !important;background-position: center !important;background-repeat: no-repeat !important;background-size: cover !important;border-top-color: #665c4c !important;border-top-style: solid !important;border-bottom-color: #665c4c !important;border-bottom-style: solid !important;}\u00a0\u00bb offset=\u00a0\u00bbvc_col-lg-4 vc_col-md-12 vc_col-xs-12&Prime;]<div class=\"centered-box gem-image-centered-box\" ><div class=\"gem-image gem-wrapbox gem-wrapbox-style-default gem-wrapbox-position-centered  thegem-custom-69ded40c8e755302\"  style=\"\" ><div class=\"gem-wrapbox-inner \" ><img class=\"gem-wrapbox-element img-responsive\" src=\"https:\/\/riadnoga.com\/wp-content\/uploads\/2018\/11\/riadnogaschnoerkel-2-70x61.png\" alt=\"\"\/><\/div><\/div><\/div><div class=\"clearboth\"><\/div><style>#thegem-divider-69ded40c8e791 {margin-top: -20px !important;}<\/style><div id=\"thegem-divider-69ded40c8e791\" class=\"gem-divider  \" style=\"\" ><\/div>[vc_column_text]<\/p>\n<h2 style=\"text-align: center;\">Circuits<span style=\"color: #e2c285;\"><br \/>\n<\/span><\/h2>\n<p>[\/vc_column_text]<div class=\"clearboth\"><\/div><style>#thegem-divider-69ded40c8e7ad {margin-top: 30px !important;}<\/style><div id=\"thegem-divider-69ded40c8e7ad\" class=\"gem-divider  \" style=\"\" ><\/div>[vc_column_text]<\/p>\n<p style=\"text-align: center;\"><span style=\"position: relative; display: inline-block; width: 70%;\">Participez \u00e0 l&rsquo;une de nos excursions de 8 jours dans l&rsquo;Atlas ou dans le d\u00e9sert ! De Marrakech, nous commen\u00e7ons par l&rsquo;imposant col de Tichka au sud o\u00f9 vous traverserez des villages d&rsquo;argile qui semblent avoir \u00e9t\u00e9 construits dans la montagne pendant des si\u00e8cles. Vous verrez une flore de haute montagne unique et passerez la nuit au milieu des villages pittoresques dans des auberges de montagne rustiques. Vous rencontrerez les cultures de la gestion des oasis et de la vie nomade, voyagerez sur des pistes et des routes d\u00e9sertiques bien am\u00e9nag\u00e9es et marcherez dans les lits secs des rivi\u00e8res (oueds) ou dans les dunes de l&rsquo;Erg Chigaga.<\/span><\/p>\n<p>[\/vc_column_text]<div class=\"clearboth\"><\/div><style>#thegem-divider-69ded40c8e7cd {margin-top: 35px !important;}<\/style><div id=\"thegem-divider-69ded40c8e7cd\" class=\"gem-divider  \" style=\"\" ><\/div>[\/vc_column][\/vc_row][vc_row full_width=\u00a0\u00bbstretch_row_content\u00a0\u00bb equal_height=\u00a0\u00bbyes\u00a0\u00bb content_placement=\u00a0\u00bbmiddle\u00a0\u00bb css=\u00a0\u00bb.vc_custom_1473253967670{margin-bottom: 0px !important;}\u00a0\u00bb][vc_column width=\u00a0\u00bb1\/2&Prime; css=\u00a0\u00bb.vc_custom_1540567151891{margin-top: 0px !important;margin-bottom: 0px !important;border-right-width: 1px !important;border-bottom-width: 1px !important;padding-top: 140px !important;padding-bottom: 140px !important;background-image: url(https:\/\/riadnoga.com\/wp-content\/uploads\/2018\/10\/ballonfahrten1.jpg?id=28725) !important;background-position: center !important;background-repeat: no-repeat !important;background-size: cover !important;border-right-color: #665c4c !important;border-right-style: solid !important;border-bottom-color: #665c4c !important;border-bottom-style: solid !important;}\u00a0\u00bb offset=\u00a0\u00bbvc_col-lg-4 vc_col-md-6 vc_col-xs-12&Prime;]<div class=\"centered-box gem-image-centered-box\" ><div class=\"gem-image gem-wrapbox gem-wrapbox-style-default gem-wrapbox-position-centered  thegem-custom-69ded40c8e7e74624\"  style=\"\" ><div class=\"gem-wrapbox-inner \" ><img class=\"gem-wrapbox-element img-responsive\" src=\"https:\/\/riadnoga.com\/wp-content\/uploads\/2018\/11\/riadnogaschnoerkel-2-70x61.png\" alt=\"\"\/><\/div><\/div><\/div><div class=\"clearboth\"><\/div><style>#thegem-divider-69ded40c8e823 {margin-top: -20px !important;}<\/style><div id=\"thegem-divider-69ded40c8e823\" class=\"gem-divider  \" style=\"\" ><\/div>[vc_column_text css=\u00a0\u00bb.vc_custom_1552995304656{background-color: rgba(229,160,22,0.15) !important;*background-color: rgb(229,160,22) !important;}\u00a0\u00bb]<\/p>\n<h2 style=\"text-align: center;\"><span style=\"color: #ffffff;\">Excursions<\/span><\/h2>\n<p>[\/vc_column_text]<style type=\"text\/css\">.thegem-button-69ded40c8e887537 .gem-button svg {fill: #ffffff;}.thegem-button-69ded40c8e887537 .gem-button:hover svg {fill: #000000;}<\/style><div class=\"gem-button-container gem-button-position-center thegem-button-69ded40c8e887537    \"  ><a title=\"Alles \u00fcber unsere Tagestouren\" class=\"gem-button gem-button-size-small gem-button-style-outline gem-button-text-weight-normal gem-button-border-3\" data-ll-effect=\"drop-right-without-wrap\" style=\"border-radius: 0px;border-color: #e2c285;color: #ffffff;\" onmouseleave=\"this.style.borderColor='#e2c285';this.style.backgroundColor='transparent';this.style.color='#ffffff';\" onmouseenter=\"this.style.borderColor='#e2c285';this.style.backgroundColor='#e2c285';this.style.color='#000000';\" href=\"https:\/\/riadnoga.com\/fr\/pf\/excursions\/\" target=\"_self\">Lire plus<\/a><\/div> [\/vc_column][vc_column width=\u00a0\u00bb1\/2&Prime; css=\u00a0\u00bb.vc_custom_1541530950782{margin-top: 0px !important;margin-bottom: 0px !important;border-right-width: 1px !important;border-bottom-width: 1px !important;padding-top: 140px !important;padding-bottom: 140px !important;background-image: url(https:\/\/riadnoga.com\/wp-content\/uploads\/2018\/10\/atlas5.jpg?id=28853) !important;background-position: center !important;background-repeat: no-repeat !important;background-size: cover !important;border-right-color: #665c4c !important;border-right-style: solid !important;border-bottom-color: #665c4c !important;border-bottom-style: solid !important;}\u00a0\u00bb offset=\u00a0\u00bbvc_col-lg-4 vc_col-md-6 vc_col-xs-12&Prime;]<div class=\"centered-box gem-image-centered-box\" ><div class=\"gem-image gem-wrapbox gem-wrapbox-style-default gem-wrapbox-position-centered  thegem-custom-69ded40c8e8bb2443\"  style=\"\" ><div class=\"gem-wrapbox-inner \" ><img class=\"gem-wrapbox-element img-responsive\" src=\"https:\/\/riadnoga.com\/wp-content\/uploads\/2018\/11\/riadnogaschnoerkel-2-70x61.png\" alt=\"\"\/><\/div><\/div><\/div><div class=\"clearboth\"><\/div><style>#thegem-divider-69ded40c8e8f3 {margin-top: -20px !important;}<\/style><div id=\"thegem-divider-69ded40c8e8f3\" class=\"gem-divider  \" style=\"\" ><\/div>[vc_column_text]<\/p>\n<h2 style=\"text-align: center;\"><span style=\"color: #ffffff;\">Atlas<\/span><\/h2>\n<p>[\/vc_column_text]<style type=\"text\/css\">.thegem-button-69ded40c8e9391974 .gem-button svg {fill: #ffffff;}.thegem-button-69ded40c8e9391974 .gem-button:hover svg {fill: #000000;}<\/style><div class=\"gem-button-container gem-button-position-center thegem-button-69ded40c8e9391974    \"  ><a title=\"Informationen \u00fcber unsere 9t\u00e4gige Atlas-Tour\" class=\"gem-button gem-button-size-small gem-button-style-outline gem-button-text-weight-normal gem-button-border-3\" data-ll-effect=\"drop-right-without-wrap\" style=\"border-radius: 0px;border-color: #e2c285;color: #ffffff;\" onmouseleave=\"this.style.borderColor='#e2c285';this.style.backgroundColor='transparent';this.style.color='#ffffff';\" onmouseenter=\"this.style.borderColor='#e2c285';this.style.backgroundColor='#e2c285';this.style.color='#000000';\" href=\"https:\/\/riadnoga.com\/fr\/pf\/atlas\/\" target=\"_self\">Lire plus<\/a><\/div> [\/vc_column][vc_column css=\u00a0\u00bb.vc_custom_1540567218719{margin-top: 0px !important;border-bottom-width: 1px !important;padding-top: 140px !important;padding-bottom: 140px !important;background-image: url(https:\/\/riadnoga.com\/wp-content\/uploads\/2018\/10\/wueste1.jpg?id=28728) !important;background-position: center !important;background-repeat: no-repeat !important;background-size: cover !important;border-bottom-color: #665c4c !important;border-bottom-style: solid !important;}\u00a0\u00bb offset=\u00a0\u00bbvc_col-lg-4 vc_col-md-12 vc_col-xs-12&Prime;]<div class=\"centered-box gem-image-centered-box\" ><div class=\"gem-image gem-wrapbox gem-wrapbox-style-default gem-wrapbox-position-centered  thegem-custom-69ded40c8e9609785\"  style=\"\" ><div class=\"gem-wrapbox-inner \" ><img class=\"gem-wrapbox-element img-responsive\" src=\"https:\/\/riadnoga.com\/wp-content\/uploads\/2018\/11\/riadnogaschnoerkel-2-70x61.png\" alt=\"\"\/><\/div><\/div><\/div><div class=\"clearboth\"><\/div><style>#thegem-divider-69ded40c8e994 {margin-top: -20px !important;}<\/style><div id=\"thegem-divider-69ded40c8e994\" class=\"gem-divider  \" style=\"\" ><\/div>[vc_column_text]<\/p>\n<h2 style=\"text-align: center;\"><span style=\"color: #ffffff;\">Desert<\/span><\/h2>\n<p>[\/vc_column_text]<style type=\"text\/css\">.thegem-button-69ded40c8e9d58884 .gem-button svg {fill: #ffffff;}.thegem-button-69ded40c8e9d58884 .gem-button:hover svg {fill: #000000;}<\/style><div class=\"gem-button-container gem-button-position-center thegem-button-69ded40c8e9d58884    \"  ><a title=\"Alles \u00fcber die W\u00fcsten-Tour\" class=\"gem-button gem-button-size-small gem-button-style-outline gem-button-text-weight-normal gem-button-border-3\" data-ll-effect=\"drop-right-without-wrap\" style=\"border-radius: 0px;border-color: #e2c285;color: #ffffff;\" onmouseleave=\"this.style.borderColor='#e2c285';this.style.backgroundColor='transparent';this.style.color='#ffffff';\" onmouseenter=\"this.style.borderColor='#e2c285';this.style.backgroundColor='#e2c285';this.style.color='#000000';\" href=\"https:\/\/riadnoga.com\/fr\/pf\/desert\/\" target=\"_self\">Lire plus<\/a><\/div> [\/vc_column][\/vc_row][vc_row disable_element=\u00a0\u00bbyes\u00a0\u00bb][vc_column]<div class=\"clearboth\"><\/div><style>#thegem-divider-69ded40c8e9fb {margin-top: -25px !important;}<\/style><div id=\"thegem-divider-69ded40c8e9fb\" class=\"gem-divider  \" style=\"border-color: #000000;\" ><\/div>[\/vc_column][\/vc_row][vc_row full_width=\u00a0\u00bbstretch_row_content_no_spaces\u00a0\u00bb equal_height=\u00a0\u00bbyes\u00a0\u00bb content_placement=\u00a0\u00bbmiddle\u00a0\u00bb disable_element=\u00a0\u00bbyes\u00a0\u00bb css=\u00a0\u00bb.vc_custom_1539875635073{margin-bottom: 0px !important;}\u00a0\u00bb el_class=\u00a0\u00bbborder-block\u00a0\u00bb][vc_column width=\u00a0\u00bb1\/2&Prime; css=\u00a0\u00bb.vc_custom_1539188142102{margin-top: 0px !important;margin-bottom: 0px !important;border-top-width: 1px !important;padding-top: 230px !important;padding-bottom: 230px !important;background-image: url(https:\/\/riadnoga.com\/wp-content\/uploads\/2018\/10\/touren-wueste1.jpg?id=28207) !important;background-position: center !important;background-repeat: no-repeat !important;background-size: cover !important;border-top-color: #665c4c !important;border-top-style: solid !important;}\u00a0\u00bb offset=\u00a0\u00bbvc_col-lg-4 vc_col-md-6 vc_col-xs-12&Prime;][\/vc_column][vc_column width=\u00a0\u00bb1\/2&Prime; css=\u00a0\u00bb.vc_custom_1473340775341{margin-top: 0px !important;margin-bottom: 0px !important;border-top-width: 1px !important;border-right-width: 1px !important;border-left-width: 1px !important;padding-top: 80px !important;padding-bottom: 60px !important;background-color: #101010 !important;border-left-color: #665c4c !important;border-left-style: solid !important;border-right-color: #665c4c !important;border-right-style: solid !important;border-top-color: #665c4c !important;border-top-style: solid !important;}\u00a0\u00bb offset=\u00a0\u00bbvc_col-lg-4 vc_col-md-6 vc_col-xs-12&Prime;][vc_column_text]<\/p>\n<p style=\"text-align: center;\"><span style=\"color: #ffffff; font-family: 'Playfair Display', serif; text-transform: none; font-weight: 400; font-size: 19px;\">Berge, W\u00fcste &amp; Meer<\/span><\/p>\n<p>[\/vc_column_text][vc_column_text]<\/p>\n<h2 style=\"text-align: center;\"><span style=\"color: #e2c285;\">Nos circuits<\/span><\/h2>\n<p>[\/vc_column_text]<div class=\"clearboth\"><\/div><style>#thegem-divider-69ded40c8ea12 {margin-top: -15px !important;}<\/style><div id=\"thegem-divider-69ded40c8ea12\" class=\"gem-divider  \" style=\"\" ><\/div><div class=\"centered-box gem-image-centered-box\" ><div class=\"gem-image gem-wrapbox gem-wrapbox-style-default gem-wrapbox-position-centered  thegem-custom-69ded40c8ea296254\"  style=\"\" ><div class=\"gem-wrapbox-inner \" ><img class=\"gem-wrapbox-element img-responsive\" src=\"\" alt=\"\"\/><\/div><\/div><\/div>[vc_column_text]<\/p>\n<p style=\"text-align: center;\"><span style=\"color: #b1aca3; position: relative; display: inline-block; width: 70%;\"><br \/>\nLa place \u00ab\u00a0Jamaa el Fna\u00a0\u00bb avec son ambiance orientale et autres attractions de Marrakech est \u00e0 quelques minutes \u00e0 pied du RIAD NOGA. RIAD NOGA sert de point de d\u00e9part pour des randonn\u00e9es dans le Haut Atlas et le Sahara et vous ram\u00e8nera avec plaisir dans les r\u00e9gions les plus belles et les plus \u00e9loign\u00e9es du Maroc.<\/span><\/p>\n<p>[\/vc_column_text]<style type=\"text\/css\">.thegem-button-69ded40c8eb6c855 .gem-button svg {fill: #e2c285;}.thegem-button-69ded40c8eb6c855 .gem-button:hover svg {fill: #101010;}<\/style><div class=\"gem-button-container gem-button-position-center thegem-button-69ded40c8eb6c855    \"  ><a class=\"gem-button gem-button-size-tiny gem-button-style-outline gem-button-text-weight-thin gem-button-border-1\" data-ll-effect=\"drop-right-without-wrap\" style=\"border-radius: 0px;border-color: #e2c285;color: #e2c285;\" onmouseleave=\"this.style.borderColor='#e2c285';this.style.backgroundColor='transparent';this.style.color='#e2c285';\" onmouseenter=\"this.style.borderColor='#e2c285';this.style.backgroundColor='#e2c285';this.style.color='#101010';\" href=\"https:\/\/riadnoga.com\/wordpress\/touren\/\" target=\"_self\">Mehr<\/a><\/div> [\/vc_column][vc_column css=\u00a0\u00bb.vc_custom_1539188186760{margin-top: 0px !important;margin-bottom: 0px !important;border-top-width: 1px !important;padding-top: 230px !important;padding-bottom: 230px !important;background-image: url(https:\/\/riadnoga.com\/wp-content\/uploads\/2018\/10\/touren-atlas1.jpg?id=28204) !important;background-position: center !important;background-repeat: no-repeat !important;background-size: cover !important;border-top-color: #665c4c !important;border-top-style: solid !important;}\u00a0\u00bb offset=\u00a0\u00bbvc_col-lg-4 vc_col-md-12 vc_col-xs-12&Prime;][\/vc_column][\/vc_row]<\/p>\n<\/div>","protected":false},"excerpt":{"rendered":"<p>[vc_row full_width=\u00a0\u00bbstretch_row\u00a0\u00bb full_height=\u00a0\u00bbyes\u00a0\u00bb content_placement=\u00a0\u00bbmiddle\u00a0\u00bb css_animation=\u00a0\u00bbappear\u00a0\u00bb css=\u00a0\u00bb.vc_custom_1540565625710{margin-bottom: 0px !important;background-image: url(https:\/\/riadnoga.com\/wp-content\/uploads\/2018\/10\/touren-wueste-header.jpg?id=28709) !important;background-position: center !important;background-repeat: no-repeat !important;background-size: cover !important;}\u00a0\u00bb el_class=\u00a0\u00bbtext-in-respons\u00a0\u00bb][vc_column][vc_column_text css_animation=\u00a0\u00bbfadeIn\u00a0\u00bb] Excursions &amp;&#8230;<\/p>\n","protected":false},"author":3,"featured_media":0,"parent":0,"menu_order":0,"comment_status":"closed","ping_status":"closed","template":"","meta":{"footnotes":""},"class_list":["post-29564","page","type-page","status-publish"],"_links":{"self":[{"href":"https:\/\/riadnoga.com\/fr\/wp-json\/wp\/v2\/pages\/29564","targetHints":{"allow":["GET"]}}],"collection":[{"href":"https:\/\/riadnoga.com\/fr\/wp-json\/wp\/v2\/pages"}],"about":[{"href":"https:\/\/riadnoga.com\/fr\/wp-json\/wp\/v2\/types\/page"}],"author":[{"embeddable":true,"href":"https:\/\/riadnoga.com\/fr\/wp-json\/wp\/v2\/users\/3"}],"replies":[{"embeddable":true,"href":"https:\/\/riadnoga.com\/fr\/wp-json\/wp\/v2\/comments?post=29564"}],"version-history":[{"count":13,"href":"https:\/\/riadnoga.com\/fr\/wp-json\/wp\/v2\/pages\/29564\/revisions"}],"predecessor-version":[{"id":29786,"href":"https:\/\/riadnoga.com\/fr\/wp-json\/wp\/v2\/pages\/29564\/revisions\/29786"}],"wp:attachment":[{"href":"https:\/\/riadnoga.com\/fr\/wp-json\/wp\/v2\/media?parent=29564"}],"curies":[{"name":"wp","href":"https:\/\/api.w.org\/{rel}","templated":true}]}}