{"id":29557,"date":"2019-01-21T16:51:15","date_gmt":"2019-01-21T15:51:15","guid":{"rendered":"https:\/\/riadnoga.com\/?page_id=29557"},"modified":"2019-05-28T14:37:21","modified_gmt":"2019-05-28T12:37:21","slug":"contact","status":"publish","type":"page","link":"https:\/\/riadnoga.com\/fr\/contact\/","title":{"rendered":"Contact"},"content":{"rendered":"<div class=\"wpb-content-wrapper\"><p>[vc_row full_width=\u00a0\u00bbstretch_row\u00a0\u00bb full_height=\u00a0\u00bbyes\u00a0\u00bb content_placement=\u00a0\u00bbmiddle\u00a0\u00bb css_animation=\u00a0\u00bbappear\u00a0\u00bb css=\u00a0\u00bb.vc_custom_1540660180693{margin-bottom: 0px !important;background-image: url(https:\/\/riadnoga.com\/wp-content\/uploads\/2018\/10\/kontakt2-hintergrund1.jpg?id=28735) !important;background-position: center !important;background-repeat: no-repeat !important;background-size: cover !important;}\u00a0\u00bb el_class=\u00a0\u00bbtext-in-respons\u00a0\u00bb][vc_column][vc_column_text css_animation=\u00a0\u00bbfadeIn\u00a0\u00bb css=\u00a0\u00bb.vc_custom_1559036873377{background-color: rgba(224,122,33,0.13) !important;*background-color: rgb(224,122,33) !important;}\u00a0\u00bb]<\/p>\n<div class=\"title-xlarge\" style=\"text-align: center;\">\n<h2 style=\"color: #ffffff; font-size: 100px;\">Contact<\/h2>\n<\/div>\n<p>[\/vc_column_text]<div class=\"clearboth\"><\/div><style>#thegem-divider-69e5d2f1984d0 {margin-top: 30px !important;}<\/style><div id=\"thegem-divider-69e5d2f1984d0\" class=\"gem-divider  \" style=\"\" ><\/div>[\/vc_column][\/vc_row][vc_row][vc_column]<div class=\"centered-box gem-image-centered-box\" ><div class=\"gem-image gem-wrapbox gem-wrapbox-style-default gem-wrapbox-position-centered  thegem-custom-69e5d2f1985055460\"  style=\"\" ><div class=\"gem-wrapbox-inner \" ><img class=\"gem-wrapbox-element img-responsive\" src=\"https:\/\/riadnoga.com\/wp-content\/uploads\/2018\/11\/riadnogaschnoerkel-2-70x61.png\" alt=\"\"\/><\/div><\/div><\/div>[vc_column_text]<\/p>\n<h2 style=\"text-align: center;\"><span style=\"color: #e2c285;\">Contact<\/span><\/h2>\n<p>[\/vc_column_text]<div class=\"clearboth\"><\/div><style>#thegem-divider-69e5d2f198694 {margin-top: 70px !important;}<\/style><div id=\"thegem-divider-69e5d2f198694\" class=\"gem-divider  \" style=\"\" ><\/div><div class=\"clearboth\"><\/div><style>#thegem-divider-69e5d2f1986b3 {margin-top: -15px !important;}<\/style><div id=\"thegem-divider-69e5d2f1986b3\" class=\"gem-divider  \" style=\"\" ><\/div>[vc_column_text]<\/p>\n<p style=\"text-align: center;\"><span style=\"position: relative; display: inline-block; width: 70%;\">Si vous souhaitez r\u00e9server une ou plusieurs chambres directement, veuillez utiliser notre syst\u00e8me de r\u00e9servation ci-dessous. Si vous avez des questions, n&rsquo;h\u00e9sitez pas \u00e0 nous \u00e9crire et nous nous ferons un plaisir de r\u00e9pondre \u00e0 vos questions concernant les chambres, les services, les excursions &amp; tours et les transferts a\u00e9roport en anglais, fran\u00e7ais ou allemand.<br \/>\n<\/span><\/p>\n<p style=\"text-align: center;\"><span style=\"position: relative; display: inline-block; width: 70%;\">\u00a0<\/span><\/p>\n<p>[\/vc_column_text][\/vc_column][\/vc_row][vc_row][vc_column width=\u00a0\u00bb1\/2&Prime;][vc_single_image image=\u00a0\u00bb29622&Prime; img_size=\u00a0\u00bblarge\u00a0\u00bb onclick=\u00a0\u00bblink_image\u00a0\u00bb][\/vc_column][vc_column width=\u00a0\u00bb1\/2&Prime;]\n<div class=\"wpcf7 no-js\" id=\"wpcf7-f29789-o1\" lang=\"de-DE\" dir=\"ltr\" data-wpcf7-id=\"29789\">\n<div class=\"screen-reader-response\"><p role=\"status\" aria-live=\"polite\" aria-atomic=\"true\"><\/p> <ul><\/ul><\/div>\n<form action=\"\/fr\/wp-json\/wp\/v2\/pages\/29557#wpcf7-f29789-o1\" method=\"post\" class=\"wpcf7-form init gem-contact-form-white\" aria-label=\"Kontaktformular\" novalidate=\"novalidate\" data-status=\"init\">\n<fieldset class=\"hidden-fields-container\"><input type=\"hidden\" name=\"_wpcf7\" value=\"29789\" \/><input type=\"hidden\" name=\"_wpcf7_version\" value=\"6.1.5\" \/><input type=\"hidden\" name=\"_wpcf7_locale\" value=\"de_DE\" \/><input type=\"hidden\" name=\"_wpcf7_unit_tag\" value=\"wpcf7-f29789-o1\" \/><input type=\"hidden\" name=\"_wpcf7_container_post\" value=\"0\" \/><input type=\"hidden\" name=\"_wpcf7_posted_data_hash\" value=\"\" \/>\n<\/fieldset>\n<label> Votre nom (champ obligatoire)\n    <span class=\"wpcf7-form-control-wrap\" data-name=\"your-name\"><input size=\"40\" maxlength=\"400\" class=\"wpcf7-form-control wpcf7-text wpcf7-validates-as-required\" aria-required=\"true\" aria-invalid=\"false\" value=\"\" type=\"text\" name=\"your-name\" \/><\/span> <\/label>\n\n<label> Votre adresse email (champ obligatoire)\n    <span class=\"wpcf7-form-control-wrap\" data-name=\"your-email\"><input size=\"40\" maxlength=\"400\" class=\"wpcf7-form-control wpcf7-email wpcf7-validates-as-required wpcf7-text wpcf7-validates-as-email\" aria-required=\"true\" aria-invalid=\"false\" value=\"\" type=\"email\" name=\"your-email\" \/><\/span> <\/label>\n\n<label> Sujet\n    <span class=\"wpcf7-form-control-wrap\" data-name=\"your-subject\"><input size=\"40\" maxlength=\"400\" class=\"wpcf7-form-control wpcf7-text\" aria-invalid=\"false\" value=\"\" type=\"text\" name=\"your-subject\" \/><\/span> <\/label>\n\n<label> Votre message\n    <span class=\"wpcf7-form-control-wrap\" data-name=\"your-message\"><textarea cols=\"40\" rows=\"10\" maxlength=\"300\" minlength=\"10\" class=\"wpcf7-form-control wpcf7-textarea wpcf7-validates-as-required\" aria-required=\"true\" aria-invalid=\"false\" name=\"your-message\"><\/textarea><\/span> <\/label>\n<span id=\"wpcf7-69e5d2f19ba25-wrapper\" class=\"wpcf7-form-control-wrap message-2-wrap\" ><label for=\"2\" class=\"hp-message\">Bitte lasse dieses Feld leer.<\/label><input id=\"2\"  class=\"wpcf7-form-control wpcf7-text\" type=\"text\" name=\"message-2\" value=\"\" size=\"40\" tabindex=\"-1\" autocomplete=\"new-password\" \/><\/span>\n\n<style type=\"text\/css\">.thegem-button-69e5d2f19bab41583 .gem-button svg {fill: #393d50;}.thegem-button-69e5d2f19bab41583 .gem-button:hover svg {fill: #ffffff;}<\/style><div class=\"gem-button-container gem-button-position-fullwidth thegem-button-69e5d2f19bab41583\"  ><input class=\"gem-button gem-button-size-small gem-button-style-flat gem-button-text-weight-normal wpcf7-form-control wpcf7-submit has-spinner gem-button-wpcf-custom\" data-ll-effect=\"drop-right-without-wrap\" style=\"border-radius: 3px;background-color: #e2c285;color: #393d50;\" onmouseleave=\"this.style.backgroundColor='#e2c285';this.style.color='#393d50';\" onmouseenter=\"this.style.backgroundColor='#d48600';this.style.color='#ffffff';\" id=\"\" tabindex=\"\" type=\"submit\" value=\"transmission\" \/><\/div> <div class=\"wpcf7-response-output\" aria-hidden=\"true\"><\/div>\n<\/form>\n<\/div>\n[vc_column_text]<strong>Avis sur la protection des donn\u00e9es de l&rsquo;ODSGVO de l&rsquo;UE:<\/strong><br \/>\nEn envoyant ce formulaire, vous acceptez le stockage et le traitement de vos donn\u00e9es conform\u00e9ment \u00e0 notre politique de confidentialit\u00e9.<br \/>\nVos donn\u00e9es ne seront utilis\u00e9es par nous que pour r\u00e9pondre \u00e0 votre demande.[\/vc_column_text][\/vc_column][\/vc_row][vc_row][vc_column]<div class=\"clearboth\"><\/div><style>#thegem-divider-69e5d2f19c5fa {margin-top: 40px !important;}<\/style><div id=\"thegem-divider-69e5d2f19c5fa\" class=\"gem-divider  \" style=\"\" ><\/div><div class=\"centered-box gem-image-centered-box\" ><div class=\"gem-image gem-wrapbox gem-wrapbox-style-default gem-wrapbox-position-centered  thegem-custom-69e5d2f19c6225273\"  style=\"\" ><div class=\"gem-wrapbox-inner \" ><img class=\"gem-wrapbox-element img-responsive\" src=\"https:\/\/riadnoga.com\/wp-content\/uploads\/2018\/11\/riadnogaschnoerkel-2-70x61.png\" alt=\"\"\/><\/div><\/div><\/div>[vc_column_text]<\/p>\n<h2 style=\"text-align: center;\"><span style=\"color: #e2c285;\">Vers le syst\u00e8me de r\u00e9servation<\/span><\/h2>\n<p>[\/vc_column_text]<style type=\"text\/css\">.thegem-button-69e5d2f19c6da9968 .gem-button svg {fill: #e2c285;}.thegem-button-69e5d2f19c6da9968 .gem-button:hover svg {fill: #000000;}<\/style><div class=\"gem-button-container gem-button-position-center thegem-button-69e5d2f19c6da9968    \"  ><a title=\"Promotions &amp; R\u00e9servation\" class=\"gem-button gem-button-size-large gem-button-style-outline gem-button-text-weight-thin gem-button-border-3 gem-button-icon-position-left\" data-ll-effect=\"drop-right-without-wrap\" style=\"border-radius: 0px;border-color: #e2c285;color: #e2c285;\" onmouseleave=\"this.style.borderColor='#e2c285';this.style.backgroundColor='transparent';this.style.color='#e2c285';\" onmouseenter=\"this.style.borderColor='#e2c285';this.style.backgroundColor='#e2c285';this.style.color='#000000';\" href=\"https:\/\/riadnoga.com\/fr\/promotions-reservation\/\" target=\"_self\"><i class=\"gem-print-icon gem-icon-pack-elegant \">&#x4e;<\/i>R\u00e9servez en ligne maintenant !<\/a><\/div> [\/vc_column][\/vc_row]<\/p>\n<\/div>","protected":false},"excerpt":{"rendered":"<p>[vc_row full_width=\u00a0\u00bbstretch_row\u00a0\u00bb full_height=\u00a0\u00bbyes\u00a0\u00bb content_placement=\u00a0\u00bbmiddle\u00a0\u00bb css_animation=\u00a0\u00bbappear\u00a0\u00bb css=\u00a0\u00bb.vc_custom_1540660180693{margin-bottom: 0px !important;background-image: url(https:\/\/riadnoga.com\/wp-content\/uploads\/2018\/10\/kontakt2-hintergrund1.jpg?id=28735) !important;background-position: center !important;background-repeat: no-repeat !important;background-size: cover !important;}\u00a0\u00bb el_class=\u00a0\u00bbtext-in-respons\u00a0\u00bb][vc_column][vc_column_text css_animation=\u00a0\u00bbfadeIn\u00a0\u00bb css=\u00a0\u00bb.vc_custom_1559036873377{background-color: rgba(224,122,33,0.13)&#8230;<\/p>\n","protected":false},"author":3,"featured_media":0,"parent":0,"menu_order":0,"comment_status":"closed","ping_status":"closed","template":"","meta":{"footnotes":""},"class_list":["post-29557","page","type-page","status-publish"],"_links":{"self":[{"href":"https:\/\/riadnoga.com\/fr\/wp-json\/wp\/v2\/pages\/29557","targetHints":{"allow":["GET"]}}],"collection":[{"href":"https:\/\/riadnoga.com\/fr\/wp-json\/wp\/v2\/pages"}],"about":[{"href":"https:\/\/riadnoga.com\/fr\/wp-json\/wp\/v2\/types\/page"}],"author":[{"embeddable":true,"href":"https:\/\/riadnoga.com\/fr\/wp-json\/wp\/v2\/users\/3"}],"replies":[{"embeddable":true,"href":"https:\/\/riadnoga.com\/fr\/wp-json\/wp\/v2\/comments?post=29557"}],"version-history":[{"count":11,"href":"https:\/\/riadnoga.com\/fr\/wp-json\/wp\/v2\/pages\/29557\/revisions"}],"predecessor-version":[{"id":29791,"href":"https:\/\/riadnoga.com\/fr\/wp-json\/wp\/v2\/pages\/29557\/revisions\/29791"}],"wp:attachment":[{"href":"https:\/\/riadnoga.com\/fr\/wp-json\/wp\/v2\/media?parent=29557"}],"curies":[{"name":"wp","href":"https:\/\/api.w.org\/{rel}","templated":true}]}}