{"id":29554,"date":"2019-01-21T16:49:09","date_gmt":"2019-01-21T15:49:09","guid":{"rendered":"https:\/\/riadnoga.com\/?page_id=29554"},"modified":"2019-01-21T17:45:13","modified_gmt":"2019-01-21T16:45:13","slug":"mentions_legales","status":"publish","type":"page","link":"https:\/\/riadnoga.com\/fr\/mentions_legales\/","title":{"rendered":"Mentions l\u00e9gales"},"content":{"rendered":"<div id=\"inhaltsbereich\">\n<h2 class=\"riadnoga\">RIAD NOGA<\/h2>\n<p>78, Derb Jdid Douar Graoua<br \/>\nMA-40040 Marrakech-Medina \/ Maroc<br \/>\nTel. +212 524 377670<br \/>\nFax +212 524 389046<br \/>\ne-mail: <a href=\"mailto:info@riadnoga.com\">info@riadnoga.com<\/a><br \/>\n<a href=\"http:\/\/www.riadnoga.com\">www.riadnoga.com<\/a><br \/>\nskype: riadnoga<\/p>\n<p><span class=\"riadnoga10pt\">RIAD NOGA<\/span> s&rsquo;efforce d&rsquo;assurer l&rsquo;exactitude et la mise \u00e0 jour des informations diffus\u00e9es sur ce site, dont il se r\u00e9serve le droit de corriger, \u00e0 tout moment et sans pr\u00e9avis, le contenu. Il ne peut cependant en garantir l&rsquo;exhaustivit\u00e9 ou l&rsquo;absence de modification par un tiers (intrusion, virus). En outre, <span class=\"riadnoga10pt\">RIAD NOGA<\/span> d\u00e9cline toute responsabilit\u00e9 (directe ou indirecte) en cas de retard, d&rsquo;erreur ou d&rsquo;omission quant au contenu des pr\u00e9sentes pages et \u00e0 l\u00b4utilisation qui pourrait en \u00eatre faite par quiconque de m\u00eame qu&rsquo;en cas d&rsquo;interruption ou de non-disponibilit\u00e9 du service.<\/p>\n<p><span class=\"riadnoga10pt\">RIAD NOGA<\/span> ne saurait \u00eatre tenue responsable des \u00e9l\u00e9ments en dehors de son contr\u00f4le et des dommages qui pourraient \u00e9ventuellement \u00eatre subis par votre environnement technique et notamment, vos ordinateurs, logiciels, \u00e9quipements r\u00e9seaux (modems, t\u00e9l\u00e9phones.) et tout mat\u00e9riel utilis\u00e9 pour acc\u00e9der \u00e0 ou utiliser le service et\/ou les informations.<\/p>\n<p><span class=\"riadnoga10pt\">RIAD NOGA<\/span> d\u00e9cline toute responsabilit\u00e9 dans l&rsquo;utilisation qui pourrait \u00eatre faite de cette information et des cons\u00e9quences qui pourraient en d\u00e9couler, notamment au niveau des d\u00e9cisions qui pourraient \u00eatre prises ou des actions qui pourraient \u00eatre entreprises \u00e0 partir de cette information. A ce titre, vous demeurez seul et unique responsable de l&rsquo;usage des informations et des r\u00e9sultats obtenus \u00e0 partir de ces informations. Il vous appartient par ailleurs de v\u00e9rifier l&rsquo;int\u00e9grit\u00e9 des informations re\u00e7ues via Internet.<\/p>\n<p>Les liens hypertextes \u00e9tablis en direction d&rsquo;autres sites ne sauraient engager la responsabilit\u00e9 de <span class=\"riadnoga10pt\">RIAD NOGA<\/span>, notamment s&rsquo;agissant du contenu de ces sites.<\/p>\n<\/div>\n","protected":false},"excerpt":{"rendered":"<p>RIAD NOGA 78, Derb Jdid Douar Graoua MA-40040 Marrakech-Medina \/ Maroc Tel. +212 524 377670 Fax +212 524 389046 e-mail:&#8230;<\/p>\n","protected":false},"author":3,"featured_media":0,"parent":0,"menu_order":0,"comment_status":"closed","ping_status":"closed","template":"","meta":{"footnotes":""},"class_list":["post-29554","page","type-page","status-publish"],"_links":{"self":[{"href":"https:\/\/riadnoga.com\/fr\/wp-json\/wp\/v2\/pages\/29554","targetHints":{"allow":["GET"]}}],"collection":[{"href":"https:\/\/riadnoga.com\/fr\/wp-json\/wp\/v2\/pages"}],"about":[{"href":"https:\/\/riadnoga.com\/fr\/wp-json\/wp\/v2\/types\/page"}],"author":[{"embeddable":true,"href":"https:\/\/riadnoga.com\/fr\/wp-json\/wp\/v2\/users\/3"}],"replies":[{"embeddable":true,"href":"https:\/\/riadnoga.com\/fr\/wp-json\/wp\/v2\/comments?post=29554"}],"version-history":[{"count":4,"href":"https:\/\/riadnoga.com\/fr\/wp-json\/wp\/v2\/pages\/29554\/revisions"}],"predecessor-version":[{"id":29583,"href":"https:\/\/riadnoga.com\/fr\/wp-json\/wp\/v2\/pages\/29554\/revisions\/29583"}],"wp:attachment":[{"href":"https:\/\/riadnoga.com\/fr\/wp-json\/wp\/v2\/media?parent=29554"}],"curies":[{"name":"wp","href":"https:\/\/api.w.org\/{rel}","templated":true}]}}