{"id":29547,"date":"2019-01-21T16:44:51","date_gmt":"2019-01-21T15:44:51","guid":{"rendered":"https:\/\/riadnoga.com\/?page_id=29547"},"modified":"2019-01-21T17:40:57","modified_gmt":"2019-01-21T16:40:57","slug":"politique_de_confidentialite","status":"publish","type":"page","link":"https:\/\/riadnoga.com\/fr\/politique_de_confidentialite\/","title":{"rendered":"Politique de confidentialit\u00e9"},"content":{"rendered":"<div id=\"inhaltsbereich\">\n<h1><\/h1>\n<h1>Politique de confidentialit\u00e9<\/h1>\n<p class=\"riadnoga\">RIAD NOGA<\/p>\n<p><span class=\"text-8pt\">78, Derb Jdid Douar Graoua<br \/>\nMA-400<span lang=\"de\">40<\/span> Marrakech-Medina \/ Maroc<br \/>\nTel. +212 524 377670<br \/>\nFax +212 524 389046<br \/>\ne-mail: <a href=\"mailto:info@riadnoga.com\">info@riadnoga.com<\/a><br \/>\n<a href=\"http:\/\/www.riadnoga.com\">www.riadnoga.com<\/a><br \/>\nskype: riadnoga<\/span><\/p>\n<h3>D\u00e9finitions:<\/h3>\n<p><b>L&rsquo;\u00c9diteur<\/b> : Riad Noga: La personne, physique ou morale, qui \u00e9dite les services de communication au public en ligne.<br \/>\n<b>Le Site<\/b> : L&rsquo;ensemble des sites, pages Internet et services en ligne propos\u00e9s par l&rsquo;\u00c9diteur.<br \/>\n<b>L&rsquo;Utilisateur<\/b> : La personne utilisant le Site et les services.<\/p>\n<h3>Nature des donn\u00e9es collect\u00e9es<\/h3>\n<p><b>Dans le cadre de l&rsquo;utilisation des Sites, l&rsquo;\u00c9diteur est susceptible de collecter les cat\u00e9gories de donn\u00e9es suivantes concernant ses Utilisateurs :<\/b><\/p>\n<p>Donn\u00e9es d&rsquo;\u00e9tat-civil, d&rsquo;identit\u00e9, d&rsquo;identification&#8230;<\/p>\n<p>Donn\u00e9es de connexion (adresses IP, journaux d&rsquo;\u00e9v\u00e9nements&#8230;)<\/p>\n<h3>Communication des donn\u00e9es personnelles \u00e0 des tiers<\/h3>\n<p><b>Pas de communication \u00e0 des tiers <\/b><br \/>\nVos donn\u00e9es ne font l&rsquo;objet d&rsquo;aucune communication \u00e0 des tiers. Vous \u00eates toutefois inform\u00e9s qu&rsquo;elles pourront \u00eatre divulgu\u00e9es en application d&rsquo;une loi, d&rsquo;un r\u00e8glement ou en vertu d&rsquo;une d\u00e9cision d&rsquo;une autorit\u00e9 r\u00e9glementaire ou judiciaire comp\u00e9tente.<\/p>\n<h3>Information pr\u00e9alable pour la communication des donn\u00e9es personnelles \u00e0 des tiers en cas de fusion \/ absorption<\/h3>\n<p><b>Information pr\u00e9alable et possibilit\u00e9 d\u2019opt-out avant et apr\u00e8s la fusion \/ acquisition <\/b><br \/>\nDans le cas o\u00f9 nous prendrions part \u00e0 une op\u00e9ration de fusion, d\u2019acquisition ou \u00e0 toute autre forme de cession d\u2019actifs, nous nous engageons \u00e0 garantir la confidentialit\u00e9 de vos donn\u00e9es personnelles et \u00e0 vous informer avant que celles-ci ne soient transf\u00e9r\u00e9es ou soumises \u00e0 de nouvelles r\u00e8gles de confidentialit\u00e9.<\/p>\n<h3>Finalit\u00e9 de la r\u00e9utilisation des donn\u00e9es personnelles collect\u00e9es<\/h3>\n<p><b>Effectuer les op\u00e9rations relatives \u00e0 la gestion des clients concernant <\/b><\/p>\n<ul>\n<li>les contrats ; les commandes ; les livraisons ; les factures ; la comptabilit\u00e9 et en particulier la gestion des comptes clients<\/li>\n<li>le suivi de la relation client tel que la r\u00e9alisation d&rsquo;enqu\u00eates de satisfaction, la gestion des r\u00e9clamations et du service apr\u00e8s-vente<\/li>\n<li>la s\u00e9lection de clients pour r\u00e9aliser des \u00e9tudes, sondages et tests produits (sauf consentement des personnes concern\u00e9es recueilli dans les conditions pr\u00e9vues \u00e0 l\u2019article 6, ces op\u00e9rations ne doivent pas conduire \u00e0 l&rsquo;\u00e9tablissement de profils susceptibles de faire appara\u00eetre des donn\u00e9es sensibles &#8211; origines raciales ou ethniques, opinions philosophiques, politiques, syndicales, religieuses, vie sexuelle ou sant\u00e9 des personnes)<\/li>\n<\/ul>\n<h3>Agr\u00e9gation des donn\u00e9es<\/h3>\n<p><b>Agr\u00e9gation avec des donn\u00e9es non personnelles<\/b><br \/>\nNous pouvons publier, divulguer et utiliser les informations agr\u00e9g\u00e9es (informations relatives \u00e0 tous nos Utilisateurs ou \u00e0 des groupes ou cat\u00e9gories sp\u00e9cifiques d&rsquo;Utilisateurs que nous combinons de mani\u00e8re \u00e0 ce qu&rsquo;un Utilisateur individuel ne puisse plus \u00eatre identifi\u00e9 ou mentionn\u00e9) et les informations non personnelles \u00e0 des fins d&rsquo;analyse du secteur et du march\u00e9, de profilage d\u00e9mographique, \u00e0 des fins promotionnelles et publicitaires et \u00e0 d&rsquo;autres fins commerciales.<\/p>\n<p><b>Agr\u00e9gation avec des donn\u00e9es personnelles disponibles sur les comptes sociaux de l&rsquo;Utilisateur<\/b><br \/>\nSi vous connectez votre compte \u00e0 un compte d\u2019un autre service afin de faire des envois crois\u00e9s, ledit service pourra nous communiquer vos informations de profil, de connexion, ainsi que toute autre information dont vous avez autoris\u00e9 la divulgation. Nous pouvons agr\u00e9ger les informations relatives \u00e0 tous nos autres Utilisateurs, groupes, comptes, aux donn\u00e9es personnelles disponibles sur l\u2019Utilisateur.<\/p>\n<h3>Collecte des donn\u00e9es d&rsquo;identit\u00e9<\/h3>\n<p><b>Consultation libre <\/b><br \/>\nLa consultation du Site ne n\u00e9cessite pas d&rsquo;inscription ni d&rsquo;identification pr\u00e9alable. Elle peut s&rsquo;effectuer sans que vous ne communiquiez de donn\u00e9es nominatives vous concernant (nom, pr\u00e9nom, adresse, etc). Nous ne proc\u00e9dons \u00e0 aucun enregistrement de donn\u00e9es nominatives pour la simple consultation du Site.<\/p>\n<h3>Collecte des donn\u00e9es d&rsquo;identification<\/h3>\n<p><b>Utilisation de l&rsquo;identifiant de l\u2019utilisateur uniquement pour l\u2019acc\u00e8s aux services <\/b><br \/>\nNous utilisons vos identifiants \u00e9lectroniques seulement pour et pendant l&rsquo;ex\u00e9cution du contrat.<\/p>\n<h3>Collecte de donn\u00e9es et d&rsquo;informations g\u00e9n\u00e9rales<\/h3>\n<p>En utilisant ces donn\u00e9es et informations g\u00e9n\u00e9rales, le Riad Noga ne tire aucune conclusion sur la personne concern\u00e9e. Cette information est plut\u00f4t n\u00e9cessaire pour (1) fournir correctement le contenu de notre site Web, (2) optimiser le contenu de notre site Web ainsi que sa publicit\u00e9, (3) assurer la viabilit\u00e9 \u00e0 long terme de nos syst\u00e8mes informatiques et de notre technologie et (4) fournir aux autorit\u00e9s charg\u00e9es de l&rsquo;application de la loi les informations n\u00e9cessaires aux poursuites p\u00e9nales en cas de cyberattaque. Par cons\u00e9quent, le Riad Noga analyse statistiquement les donn\u00e9es et les informations collect\u00e9es anonymement, dans le but d&rsquo;augmenter la protection des donn\u00e9es et la s\u00e9curit\u00e9 des donn\u00e9es de notre entreprise, et d&rsquo;assurer un niveau optimal de protection des donn\u00e9es personnelles que nous traitons. Les donn\u00e9es anonymes des fichiers journaux du serveur sont stock\u00e9es s\u00e9par\u00e9ment de toutes les donn\u00e9es personnelles fournies par une personne concern\u00e9e.<\/p>\n<h3>Cookies<\/h3>\n<p>Le site du Riad Noga utilise des cookies. Les cookies sont des fichiers texte qui sont stock\u00e9s sur un syst\u00e8me informatique via un navigateur Internet.<\/p>\n<p>De nombreux sites Web et serveurs utilisent des cookies. De nombreux cookies contiennent un identifiant de cookie. Un identifiant de cookie est un identifiant unique du cookie. Il s&rsquo;agit d&rsquo;une cha\u00eene de caract\u00e8res par laquelle les pages Internet et les serveurs peuvent \u00eatre affect\u00e9s au navigateur Internet sp\u00e9cifique dans lequel le cookie a \u00e9t\u00e9 enregistr\u00e9. Cela permet aux pages Internet et aux serveurs visit\u00e9s de distinguer le navigateur individuel de la personne concern\u00e9e des autres navigateurs Internet qui contiennent d&rsquo;autres cookies. Un navigateur Internet sp\u00e9cifique peut \u00eatre reconnu et identifi\u00e9 \u00e0 l&rsquo;aide de l&rsquo;identifiant unique du cookie.<\/p>\n<p>Gr\u00e2ce \u00e0 l&rsquo;utilisation de cookies, Riad Noga peut fournir aux utilisateurs de ce site des services plus conviviaux, ce qui ne serait pas possible sans l&rsquo;installation de cookies.<\/p>\n<p>Par le biais d&rsquo;un cookie, les informations et offres de notre site Internet peuvent \u00eatre optimis\u00e9es dans l&rsquo;int\u00e9r\u00eat de l&rsquo;utilisateur. Les cookies nous permettent, comme d\u00e9j\u00e0 mentionn\u00e9, de reconna\u00eetre les utilisateurs de notre site web. Le but de cette reconnaissance est de faciliter l&rsquo;utilisation de notre site Web par les utilisateurs. Par exemple, l&rsquo;utilisateur d&rsquo;un site Web qui utilise des cookies n&rsquo;a pas besoin de saisir \u00e0 nouveau ses donn\u00e9es d&rsquo;acc\u00e8s chaque fois qu&rsquo;il visite le site Web, car celles-ci sont reprises par le site Web et le cookie est stock\u00e9 sur le syst\u00e8me informatique de l&rsquo;utilisateur.<\/p>\n<p>La personne concern\u00e9e peut \u00e0 tout moment emp\u00eacher l&rsquo;installation de cookies par notre site Internet par le biais d&rsquo;un r\u00e9glage appropri\u00e9 du navigateur Internet utilis\u00e9 et s&rsquo;opposer ainsi de mani\u00e8re permanente \u00e0 l&rsquo;installation de cookies. En outre, les cookies d\u00e9j\u00e0 install\u00e9s peuvent \u00eatre effac\u00e9s \u00e0 tout moment via un navigateur Internet ou d&rsquo;autres logiciels. Ceci est possible dans tous les navigateurs Internet courants. Si la personne concern\u00e9e d\u00e9sactive l&rsquo;installation de cookies dans le navigateur Internet utilis\u00e9, toutes les fonctions de notre site Web peuvent ne pas \u00eatre pleinement utilisables dans certaines circonstances.<\/p>\n<h3>Conservation des donn\u00e9es techniques<\/h3>\n<p><b>Dur\u00e9e de conservation des donn\u00e9es techniques <\/b><br \/>\nLes donn\u00e9es techniques sont conserv\u00e9es pour la dur\u00e9e strictement n\u00e9cessaire \u00e0 la r\u00e9alisation des finalit\u00e9s vis\u00e9es ci-avant.<\/p>\n<h3>D\u00e9lai de conservation des donn\u00e9es personnelles et d&rsquo;anonymisation<\/h3>\n<p><b>Conservation des donn\u00e9es pendant la dur\u00e9e de la relation contractuelle <\/b><br \/>\nConform\u00e9ment \u00e0 l&rsquo;article 6-5\u00b0 de la loi n\u00b078-17 du 6 janvier 1978 relative \u00e0 l&rsquo;informatique, aux fichiers et aux libert\u00e9s, les donn\u00e9es \u00e0 caract\u00e8re personnel faisant l&rsquo;objet d&rsquo;un traitement ne sont pas conserv\u00e9es au-del\u00e0 du temps n\u00e9cessaire \u00e0 l&rsquo;ex\u00e9cution des obligations d\u00e9finies lors de la conclusion du contrat ou de la dur\u00e9e pr\u00e9d\u00e9finie de la relation contractuelle.<\/p>\n<p><b>Conservation des donn\u00e9es anonymis\u00e9es au del\u00e0 de la relation contractuelle \/ apr\u00e8s la suppression du compte <\/b><br \/>\nNous conservons les donn\u00e9es personnelles pour la dur\u00e9e strictement n\u00e9cessaire \u00e0 la r\u00e9alisation des finalit\u00e9s d\u00e9crites dans les pr\u00e9sentes CGU. Au-del\u00e0 de cette dur\u00e9e, elles seront anonymis\u00e9es et conserv\u00e9es \u00e0 des fins exclusivement statistiques et ne donneront lieu \u00e0 aucune exploitation, de quelque nature que ce soit.<\/p>\n<p><b>Suppression des donn\u00e9es apr\u00e8s suppression du compte <\/b><br \/>\nDes moyens de purge de donn\u00e9es sont mis en place afin d&rsquo;en pr\u00e9voir la suppression effective d\u00e8s lors que la dur\u00e9e de conservation ou d&rsquo;archivage n\u00e9cessaire \u00e0 l&rsquo;accomplissement des finalit\u00e9s d\u00e9termin\u00e9es ou impos\u00e9es est atteinte. Conform\u00e9ment \u00e0 la loi n\u00b078-17 du 6 janvier 1978 relative \u00e0 l&rsquo;informatique, aux fichiers et aux libert\u00e9s, vous disposez par ailleurs d&rsquo;un droit de suppression sur vos donn\u00e9es que vous pouvez exercer \u00e0 tout moment en prenant contact avec l&rsquo;\u00c9diteur.<\/p>\n<h3>Suppression du compte<\/h3>\n<p><b>Suppression du compte \u00e0 la demande <\/b><br \/>\nL&rsquo;Utilisateur a la possibilit\u00e9 de supprimer son Compte \u00e0 tout moment, par simple demande \u00e0 l&rsquo;\u00c9diteur.<\/p>\n<p><b>Suppression du compte en cas de violation des CGU <\/b><br \/>\nEn cas de violation d&rsquo;une ou de plusieurs dispositions des CGU ou de tout autre document incorpor\u00e9 aux pr\u00e9sentes par r\u00e9f\u00e9rence, l&rsquo;\u00c9diteur se r\u00e9serve le droit de mettre fin ou restreindre sans aucun avertissement pr\u00e9alable et \u00e0 sa seule discr\u00e9tion, votre usage et acc\u00e8s aux services, \u00e0 votre compte et \u00e0 tous les Sites.<\/p>\n<h3>Modification des CGU et de la politique de confidentialit\u00e9<\/h3>\n<p><b>En cas de modification des pr\u00e9sentes CGU, engagement de ne pas baisser le niveau de confidentialit\u00e9 de mani\u00e8re substantielle sans l&rsquo;information pr\u00e9alable des personnes concern\u00e9es <\/b><br \/>\nNous nous engageons \u00e0 vous informer en cas de modification substantielle des pr\u00e9sentes CGU, et \u00e0 ne pas baisser le niveau de confidentialit\u00e9 de vos donn\u00e9es de mani\u00e8re substantielle sans vous en informer et obtenir votre consentement.<\/p>\n<h3>Droit applicable et modalit\u00e9s de recours<\/h3>\n<p><b>Clause d&rsquo;arbitrage <\/b><br \/>\nVous acceptez express\u00e9ment que tout litige susceptible de na\u00eetre du fait des pr\u00e9sentes CGU, notamment de son interpr\u00e9tation ou de son ex\u00e9cution, rel\u00e8vera d&rsquo;une proc\u00e9dure d&rsquo;arbitrage soumise au r\u00e8glement de la plateforme d&rsquo;arbitrage choisie d&rsquo;un commun accord, auquel vous adh\u00e9rerez sans r\u00e9serve.<\/p>\n<h3>Portabilit\u00e9 des donn\u00e9es<\/h3>\n<p><b>Portabilit\u00e9 des donn\u00e9es <\/b><br \/>\nL&rsquo;\u00c9diteur s&rsquo;engage \u00e0 vous offrir la possibilit\u00e9 de vous faire restituer l&rsquo;ensemble des donn\u00e9es vous concernant sur simple demande. L&rsquo;Utilisateur se voit ainsi garantir une meilleure ma\u00eetrise de ses donn\u00e9es, et garde la possibilit\u00e9 de les r\u00e9utiliser. Ces donn\u00e9es devront \u00eatre fournies dans un format ouvert et ais\u00e9ment r\u00e9utilisable.<\/p>\n<\/div>\n","protected":false},"excerpt":{"rendered":"<p>Politique de confidentialit\u00e9 RIAD NOGA 78, Derb Jdid Douar Graoua MA-40040 Marrakech-Medina \/ Maroc Tel. +212 524 377670 Fax +212&#8230;<\/p>\n","protected":false},"author":3,"featured_media":0,"parent":0,"menu_order":0,"comment_status":"closed","ping_status":"open","template":"","meta":{"footnotes":""},"class_list":["post-29547","page","type-page","status-publish"],"_links":{"self":[{"href":"https:\/\/riadnoga.com\/fr\/wp-json\/wp\/v2\/pages\/29547","targetHints":{"allow":["GET"]}}],"collection":[{"href":"https:\/\/riadnoga.com\/fr\/wp-json\/wp\/v2\/pages"}],"about":[{"href":"https:\/\/riadnoga.com\/fr\/wp-json\/wp\/v2\/types\/page"}],"author":[{"embeddable":true,"href":"https:\/\/riadnoga.com\/fr\/wp-json\/wp\/v2\/users\/3"}],"replies":[{"embeddable":true,"href":"https:\/\/riadnoga.com\/fr\/wp-json\/wp\/v2\/comments?post=29547"}],"version-history":[{"count":7,"href":"https:\/\/riadnoga.com\/fr\/wp-json\/wp\/v2\/pages\/29547\/revisions"}],"predecessor-version":[{"id":29580,"href":"https:\/\/riadnoga.com\/fr\/wp-json\/wp\/v2\/pages\/29547\/revisions\/29580"}],"wp:attachment":[{"href":"https:\/\/riadnoga.com\/fr\/wp-json\/wp\/v2\/media?parent=29547"}],"curies":[{"name":"wp","href":"https:\/\/api.w.org\/{rel}","templated":true}]}}