{"id":29544,"date":"2019-01-21T16:41:12","date_gmt":"2019-01-21T15:41:12","guid":{"rendered":"https:\/\/riadnoga.com\/?page_id=29544"},"modified":"2022-03-24T19:42:46","modified_gmt":"2022-03-24T18:42:46","slug":"offres","status":"publish","type":"page","link":"https:\/\/riadnoga.com\/fr\/offres\/","title":{"rendered":"Offres"},"content":{"rendered":"<div class=\"wpb-content-wrapper\"><p>[vc_row full_width=\u00a0\u00bbstretch_row\u00a0\u00bb full_height=\u00a0\u00bbyes\u00a0\u00bb content_placement=\u00a0\u00bbmiddle\u00a0\u00bb css_animation=\u00a0\u00bbappear\u00a0\u00bb css=\u00a0\u00bb.vc_custom_1539875461898{margin-bottom: 0px !important;background-image: url(https:\/\/riadnoga.com\/wp-content\/uploads\/2018\/10\/service-rose.jpg?id=28471) !important;background-position: center !important;background-repeat: no-repeat !important;background-size: cover !important;}\u00a0\u00bb el_class=\u00a0\u00bbtext-in-respons\u00a0\u00bb][vc_column][vc_column_text css_animation=\u00a0\u00bbfadeIn\u00a0\u00bb]<\/p>\n<div class=\"title-xlarge\" style=\"text-align: center;\"><span style=\"color: #ffffff; font-size: 100px;\">OFFRES<\/span><\/div>\n<p>[\/vc_column_text]<div class=\"clearboth\"><\/div><style>#thegem-divider-69f18f30c9724 {margin-top: 70px !important;}<\/style><div id=\"thegem-divider-69f18f30c9724\" class=\"gem-divider  \" style=\"\" ><\/div>[\/vc_column][\/vc_row][vc_row full_width=\u00a0\u00bbstretch_row_content_no_spaces\u00a0\u00bb equal_height=\u00a0\u00bbyes\u00a0\u00bb content_placement=\u00a0\u00bbmiddle\u00a0\u00bb css=\u00a0\u00bb.vc_custom_1539944776173{margin-bottom: 0px !important;border-bottom-width: 1px !important;border-bottom-color: #665c4c !important;border-bottom-style: solid !important;}\u00a0\u00bb el_class=\u00a0\u00bbborder-block\u00a0\u00bb][vc_column width=\u00a0\u00bb1\/2&Prime; css=\u00a0\u00bb.vc_custom_1473341024377{margin-top: 0px !important;margin-bottom: 0px !important;border-top-width: 1px !important;border-bottom-width: 0px !important;padding-top: 80px !important;padding-bottom: 60px !important;background-color: #101010 !important;background-position: center !important;background-repeat: no-repeat !important;background-size: cover !important;border-top-color: #665c4c !important;border-top-style: solid !important;border-bottom-color: #665c4c !important;border-bottom-style: solid !important;}\u00a0\u00bb offset=\u00a0\u00bbvc_col-lg-4 vc_col-md-6 vc_col-xs-12&Prime;]<div class=\"centered-box gem-image-centered-box\" ><div class=\"gem-image gem-wrapbox gem-wrapbox-style-default gem-wrapbox-position-centered  thegem-custom-69f18f30c975a4347\"  style=\"\" ><div class=\"gem-wrapbox-inner \" ><img class=\"gem-wrapbox-element img-responsive\" src=\"https:\/\/riadnoga.com\/wp-content\/uploads\/2018\/11\/riadnogaschnoerkel-2-70x61.png\" alt=\"\"\/><\/div><\/div><\/div>[vc_column_text]<\/p>\n<h2 style=\"text-align: center;\"><span style=\"color: #e2c285;\">Notre equipe<br \/>\n<\/span><\/h2>\n<p>[\/vc_column_text]<div class=\"clearboth\"><\/div><style>#thegem-divider-69f18f30c98bc {margin-top: -15px !important;}<\/style><div id=\"thegem-divider-69f18f30c98bc\" class=\"gem-divider  \" style=\"\" ><\/div><div class=\"clearboth\"><\/div><style>#thegem-divider-69f18f30c98dd {margin-top: 30px !important;}<\/style><div id=\"thegem-divider-69f18f30c98dd\" class=\"gem-divider  \" style=\"\" ><\/div>[vc_column_text css=\u00a0\u00bb.vc_custom_1648147330113{padding-right: 30px !important;padding-left: 30px !important;}\u00a0\u00bb]<\/p>\n<p style=\"text-align: center;\">Une \u00e9quipe engag\u00e9e de collaborateurs parlant fran\u00e7ais\/anglais s&rsquo;occupe de votre bien-\u00eatre et est \u00e0 votre disposition 24 heures sur 24.<\/p>\n<p style=\"text-align: center;\">L&rsquo;excellente cuisine du RIAD NOGA est traditionnellement marocaine et m\u00e9diterran\u00e9enne internationale. Il y en a pour tous les go\u00fbts.<\/p>\n<p>[\/vc_column_text]<div class=\"clearboth\"><\/div><style>#thegem-divider-69f18f30c98f5 {margin-top: 35px !important;}<\/style><div id=\"thegem-divider-69f18f30c98f5\" class=\"gem-divider  \" style=\"\" ><\/div>[\/vc_column][vc_column width=\u00a0\u00bb1\/2&Prime; css=\u00a0\u00bb.vc_custom_1540562771055{margin-top: 0px !important;margin-bottom: 0px !important;border-top-width: 1px !important;border-right-width: 1px !important;border-bottom-width: 0px !important;border-left-width: 1px !important;padding-top: 230px !important;padding-bottom: 230px !important;background-image: url(https:\/\/riadnoga.com\/wp-content\/uploads\/2018\/10\/gedeckter-Tisch-2.jpg?id=28660) !important;background-position: center !important;background-repeat: no-repeat !important;background-size: cover !important;border-left-color: #665c4c !important;border-left-style: solid !important;border-right-color: #665c4c !important;border-right-style: solid !important;border-top-color: #665c4c !important;border-top-style: solid !important;border-bottom-color: #665c4c !important;border-bottom-style: solid !important;}\u00a0\u00bb offset=\u00a0\u00bbvc_col-lg-4 vc_col-md-6 vc_col-xs-12&Prime;][\/vc_column][vc_column css=\u00a0\u00bb.vc_custom_1473341053322{margin-top: 0px !important;margin-bottom: 0px !important;border-top-width: 1px !important;border-bottom-width: 0px !important;padding-top: 80px !important;padding-bottom: 60px !important;background-color: #101010 !important;background-position: center !important;background-repeat: no-repeat !important;background-size: cover !important;border-top-color: #665c4c !important;border-top-style: solid !important;border-bottom-color: #665c4c !important;border-bottom-style: solid !important;}\u00a0\u00bb offset=\u00a0\u00bbvc_col-lg-4 vc_col-md-12 vc_col-xs-12&Prime;]<div class=\"centered-box gem-image-centered-box\" ><div class=\"gem-image gem-wrapbox gem-wrapbox-style-default gem-wrapbox-position-centered  thegem-custom-69f18f30c990c2713\"  style=\"\" ><div class=\"gem-wrapbox-inner \" ><img class=\"gem-wrapbox-element img-responsive\" src=\"https:\/\/riadnoga.com\/wp-content\/uploads\/2018\/11\/riadnogaschnoerkel-2-70x61.png\" alt=\"\"\/><\/div><\/div><\/div>[vc_column_text]<\/p>\n<h2 style=\"text-align: center;\"><span style=\"color: #e2c285;\">Le corps et l&rsquo;esprit<br \/>\n<\/span><\/h2>\n<p>[\/vc_column_text]<div class=\"clearboth\"><\/div><style>#thegem-divider-69f18f30c9946 {margin-top: -15px !important;}<\/style><div id=\"thegem-divider-69f18f30c9946\" class=\"gem-divider  \" style=\"\" ><\/div><div class=\"clearboth\"><\/div><style>#thegem-divider-69f18f30c995d {margin-top: 30px !important;}<\/style><div id=\"thegem-divider-69f18f30c995d\" class=\"gem-divider  \" style=\"\" ><\/div>[vc_column_text css=\u00a0\u00bb.vc_custom_1648147360374{padding-right: 30px !important;padding-left: 30px !important;}\u00a0\u00bb]<\/p>\n<p style=\"text-align: center;\">Laissez-vous soigner avec des massages du corps entier et des massages de r\u00e9flexologie. Nous veillons avec comp\u00e9tence \u00e0 votre bien-\u00eatre en vous proposant de d\u00e9licieux repas v\u00e9g\u00e9tariens, de la gymnastique, du yoga et de la relaxation.<\/p>\n<p style=\"text-align: center;\">Profitez de l&rsquo;atmosph\u00e8re unique de cette ville en organisant votre s\u00e9minaire, votre retraite d&rsquo;entreprise ou la formation de vos collaborateurs au RIAD NOGA.<\/p>\n<p>[\/vc_column_text]<div class=\"clearboth\"><\/div><style>#thegem-divider-69f18f30c9971 {margin-top: 35px !important;}<\/style><div id=\"thegem-divider-69f18f30c9971\" class=\"gem-divider  \" style=\"\" ><\/div>[\/vc_column][\/vc_row][vc_row full_width=\u00a0\u00bbstretch_row_content\u00a0\u00bb equal_height=\u00a0\u00bbyes\u00a0\u00bb content_placement=\u00a0\u00bbmiddle\u00a0\u00bb css=\u00a0\u00bb.vc_custom_1473253967670{margin-bottom: 0px !important;}\u00a0\u00bb][vc_column width=\u00a0\u00bb1\/2&Prime; css=\u00a0\u00bb.vc_custom_1539357642594{margin-top: 0px !important;margin-bottom: 0px !important;border-right-width: 1px !important;border-bottom-width: 1px !important;padding-top: 140px !important;padding-bottom: 140px !important;background-image: url(https:\/\/riadnoga.com\/wp-content\/uploads\/2018\/10\/seminare-flyer.jpg?id=28273) !important;background-position: center !important;background-repeat: no-repeat !important;background-size: cover !important;border-right-color: #665c4c !important;border-right-style: solid !important;border-bottom-color: #665c4c !important;border-bottom-style: solid !important;}\u00a0\u00bb offset=\u00a0\u00bbvc_col-lg-4 vc_col-md-6 vc_col-xs-12&Prime;]<div class=\"centered-box gem-image-centered-box\" ><div class=\"gem-image gem-wrapbox gem-wrapbox-style-default gem-wrapbox-position-centered  thegem-custom-69f18f30c99872878\"  style=\"\" ><div class=\"gem-wrapbox-inner \" ><img class=\"gem-wrapbox-element img-responsive\" src=\"https:\/\/riadnoga.com\/wp-content\/uploads\/2018\/11\/riadnogaschnoerkel-2-70x61.png\" alt=\"\"\/><\/div><\/div><\/div><div class=\"clearboth\"><\/div><style>#thegem-divider-69f18f30c99b7 {margin-top: -20px !important;}<\/style><div id=\"thegem-divider-69f18f30c99b7\" class=\"gem-divider  \" style=\"\" ><\/div>[vc_column_text css=\u00a0\u00bb.vc_custom_1648130370943{background-color: rgba(229,160,22,0.15) !important;*background-color: rgb(229,160,22) !important;}\u00a0\u00bb]<\/p>\n<h2 style=\"text-align: center;\"><span style=\"color: #ffffff;\">Seminaires<\/span><\/h2>\n<p>[\/vc_column_text]<div class=\"clearboth\"><\/div><style>#thegem-divider-69f18f30c99cc {margin-top: -5px !important;}<\/style><div id=\"thegem-divider-69f18f30c99cc\" class=\"gem-divider  \" style=\"\" ><\/div><style type=\"text\/css\">.thegem-button-69f18f30c9a303961 .gem-button svg {fill: #ffffff;}.thegem-button-69f18f30c9a303961 .gem-button:hover svg {fill: #000000;}<\/style><div class=\"gem-button-container gem-button-position-center thegem-button-69f18f30c9a303961    \"  ><a title=\"Seminaires\" class=\"gem-button gem-button-size-small gem-button-style-outline gem-button-text-weight-normal gem-button-border-3\" data-ll-effect=\"drop-right-without-wrap\" style=\"border-radius: 0px;border-color: #e2c285;color: #ffffff;\" onmouseleave=\"this.style.borderColor='#e2c285';this.style.backgroundColor='transparent';this.style.color='#ffffff';\" onmouseenter=\"this.style.borderColor='#e2c285';this.style.backgroundColor='#e2c285';this.style.color='#000000';\" href=\"https:\/\/riadnoga.com\/fr\/pf\/seminaires\/\" target=\"_self\">Lire plus<\/a><\/div> [\/vc_column][vc_column width=\u00a0\u00bb1\/2&Prime; css=\u00a0\u00bb.vc_custom_1539186514050{margin-top: 0px !important;margin-bottom: 0px !important;border-right-width: 1px !important;border-bottom-width: 1px !important;padding-top: 140px !important;padding-bottom: 140px !important;background-image: url(https:\/\/riadnoga.com\/wp-content\/uploads\/2018\/10\/geniesser.jpg?id=28196) !important;background-position: center !important;background-repeat: no-repeat !important;background-size: cover !important;border-right-color: #665c4c !important;border-right-style: solid !important;border-bottom-color: #665c4c !important;border-bottom-style: solid !important;}\u00a0\u00bb offset=\u00a0\u00bbvc_col-lg-4 vc_col-md-6 vc_col-xs-12&Prime;]<div class=\"centered-box gem-image-centered-box\" ><div class=\"gem-image gem-wrapbox gem-wrapbox-style-default gem-wrapbox-position-centered  thegem-custom-69f18f30c9a601383\"  style=\"\" ><div class=\"gem-wrapbox-inner \" ><img class=\"gem-wrapbox-element img-responsive\" src=\"https:\/\/riadnoga.com\/wp-content\/uploads\/2018\/11\/riadnogaschnoerkel-2-70x61.png\" alt=\"\"\/><\/div><\/div><\/div><div class=\"clearboth\"><\/div><style>#thegem-divider-69f18f30c9a96 {margin-top: -20px !important;}<\/style><div id=\"thegem-divider-69f18f30c9a96\" class=\"gem-divider  \" style=\"\" ><\/div>[vc_column_text]<\/p>\n<h2 style=\"text-align: center;\"><span style=\"color: #ffffff;\">Pour les gourmets<\/span><\/h2>\n<p>[\/vc_column_text]<div class=\"clearboth\"><\/div><style>#thegem-divider-69f18f30c9aad {margin-top: -5px !important;}<\/style><div id=\"thegem-divider-69f18f30c9aad\" class=\"gem-divider  \" style=\"\" ><\/div><style type=\"text\/css\">.thegem-button-69f18f30c9aea5143 .gem-button svg {fill: #ffffff;}.thegem-button-69f18f30c9aea5143 .gem-button:hover svg {fill: #000000;}<\/style><div class=\"gem-button-container gem-button-position-center thegem-button-69f18f30c9aea5143    \"  ><a title=\"Bien-\u00eatre\" class=\"gem-button gem-button-size-small gem-button-style-outline gem-button-text-weight-normal gem-button-border-3\" data-ll-effect=\"drop-right-without-wrap\" style=\"border-radius: 0px;border-color: #e2c285;color: #ffffff;\" onmouseleave=\"this.style.borderColor='#e2c285';this.style.backgroundColor='transparent';this.style.color='#ffffff';\" onmouseenter=\"this.style.borderColor='#e2c285';this.style.backgroundColor='#e2c285';this.style.color='#000000';\" href=\"https:\/\/riadnoga.com\/fr\/pf\/pour_les_gourmets\/\" target=\"_self\">Lire plus<\/a><\/div> [\/vc_column][vc_column css=\u00a0\u00bb.vc_custom_1539186553663{margin-top: 0px !important;border-bottom-width: 1px !important;padding-top: 140px !important;padding-bottom: 140px !important;background-image: url(https:\/\/riadnoga.com\/wp-content\/uploads\/2018\/10\/hennah-1.jpg?id=28124) !important;background-position: center !important;background-repeat: no-repeat !important;background-size: cover !important;border-bottom-color: #665c4c !important;border-bottom-style: solid !important;}\u00a0\u00bb offset=\u00a0\u00bbvc_col-lg-4 vc_col-md-12 vc_col-xs-12&Prime;]<div class=\"centered-box gem-image-centered-box\" ><div class=\"gem-image gem-wrapbox gem-wrapbox-style-default gem-wrapbox-position-centered  thegem-custom-69f18f30c9b0f7617\"  style=\"\" ><div class=\"gem-wrapbox-inner \" ><img class=\"gem-wrapbox-element img-responsive\" src=\"https:\/\/riadnoga.com\/wp-content\/uploads\/2018\/11\/riadnogaschnoerkel-2-70x61.png\" alt=\"\"\/><\/div><\/div><\/div><div class=\"clearboth\"><\/div><style>#thegem-divider-69f18f30c9b40 {margin-top: -20px !important;}<\/style><div id=\"thegem-divider-69f18f30c9b40\" class=\"gem-divider  \" style=\"\" ><\/div>[vc_column_text]<\/p>\n<h2 style=\"text-align: center;\"><span style=\"color: #ffffff;\">Bien-\u00eatre<\/span><\/h2>\n<p>[\/vc_column_text]<div class=\"clearboth\"><\/div><style>#thegem-divider-69f18f30c9b55 {margin-top: -5px !important;}<\/style><div id=\"thegem-divider-69f18f30c9b55\" class=\"gem-divider  \" style=\"\" ><\/div><style type=\"text\/css\">.thegem-button-69f18f30c9b8d3558 .gem-button svg {fill: #ffffff;}.thegem-button-69f18f30c9b8d3558 .gem-button:hover svg {fill: #000000;}<\/style><div class=\"gem-button-container gem-button-position-center thegem-button-69f18f30c9b8d3558    \"  ><a title=\"Bien-\u00eatre\" class=\"gem-button gem-button-size-small gem-button-style-outline gem-button-text-weight-normal gem-button-border-3\" data-ll-effect=\"drop-right-without-wrap\" style=\"border-radius: 0px;border-color: #e2c285;color: #ffffff;\" onmouseleave=\"this.style.borderColor='#e2c285';this.style.backgroundColor='transparent';this.style.color='#ffffff';\" onmouseenter=\"this.style.borderColor='#e2c285';this.style.backgroundColor='#e2c285';this.style.color='#000000';\" href=\"https:\/\/riadnoga.com\/fr\/pf\/bien-etre\/\" target=\"_self\">Lire plus<\/a><\/div> [\/vc_column][\/vc_row][vc_row disable_element=\u00a0\u00bbyes\u00a0\u00bb][vc_column]<div class=\"clearboth\"><\/div><style>#thegem-divider-69f18f30c9baf {margin-top: -25px !important;}<\/style><div id=\"thegem-divider-69f18f30c9baf\" class=\"gem-divider  \" style=\"border-color: #000000;\" ><\/div>[\/vc_column][\/vc_row]<\/p>\n<\/div>","protected":false},"excerpt":{"rendered":"<p>[vc_row full_width=\u00a0\u00bbstretch_row\u00a0\u00bb full_height=\u00a0\u00bbyes\u00a0\u00bb content_placement=\u00a0\u00bbmiddle\u00a0\u00bb css_animation=\u00a0\u00bbappear\u00a0\u00bb css=\u00a0\u00bb.vc_custom_1539875461898{margin-bottom: 0px !important;background-image: url(https:\/\/riadnoga.com\/wp-content\/uploads\/2018\/10\/service-rose.jpg?id=28471) !important;background-position: center !important;background-repeat: no-repeat !important;background-size: cover !important;}\u00a0\u00bb el_class=\u00a0\u00bbtext-in-respons\u00a0\u00bb][vc_column][vc_column_text css_animation=\u00a0\u00bbfadeIn\u00a0\u00bb] OFFRES [\/vc_column_text][\/vc_column][\/vc_row][vc_row&#8230;<\/p>\n","protected":false},"author":1,"featured_media":0,"parent":0,"menu_order":0,"comment_status":"closed","ping_status":"closed","template":"","meta":{"footnotes":""},"class_list":["post-29544","page","type-page","status-publish"],"_links":{"self":[{"href":"https:\/\/riadnoga.com\/fr\/wp-json\/wp\/v2\/pages\/29544","targetHints":{"allow":["GET"]}}],"collection":[{"href":"https:\/\/riadnoga.com\/fr\/wp-json\/wp\/v2\/pages"}],"about":[{"href":"https:\/\/riadnoga.com\/fr\/wp-json\/wp\/v2\/types\/page"}],"author":[{"embeddable":true,"href":"https:\/\/riadnoga.com\/fr\/wp-json\/wp\/v2\/users\/1"}],"replies":[{"embeddable":true,"href":"https:\/\/riadnoga.com\/fr\/wp-json\/wp\/v2\/comments?post=29544"}],"version-history":[{"count":21,"href":"https:\/\/riadnoga.com\/fr\/wp-json\/wp\/v2\/pages\/29544\/revisions"}],"predecessor-version":[{"id":29908,"href":"https:\/\/riadnoga.com\/fr\/wp-json\/wp\/v2\/pages\/29544\/revisions\/29908"}],"wp:attachment":[{"href":"https:\/\/riadnoga.com\/fr\/wp-json\/wp\/v2\/media?parent=29544"}],"curies":[{"name":"wp","href":"https:\/\/api.w.org\/{rel}","templated":true}]}}